{"id":2115,"date":"2025-12-04T09:20:16","date_gmt":"2025-12-04T08:20:16","guid":{"rendered":"http:\/\/kotlinafishing.pl\/?post_type=product&#038;p=2115"},"modified":"2026-03-03T15:41:11","modified_gmt":"2026-03-03T14:41:11","slug":"mikado-m-area-long-worm-70mm-pellet-op-10szt","status":"publish","type":"product","link":"https:\/\/kotlinafishing.pl\/?product=mikado-m-area-long-worm-70mm-pellet-op-10szt","title":{"rendered":"Mikado M-Area Long Worm 70mm\/pellet (op. 10szt.)"},"content":{"rendered":"<p>Imitacja d\u017cdzownicy kt\u00f3ra jest podstawowym pokarmem ryb. Sprawdzi si\u0119 podczas zawod\u00f3w Area Trout i rekreacyjnego \u0142owienia pstr\u0105g\u00f3w, okoni, kleni. Specjalny silikon i atraktor pozwoli\u0142 stworzy\u0107 nam przyn\u0119t\u0119, kt\u00f3ra zachowuje si\u0119 w wodzie jak \u017cywy robak!<\/p>\n","protected":false},"excerpt":{"rendered":"<p>Imitacja d\u017cdzownicy kt\u00f3ra jest podstawowym pokarmem ryb. Sprawdzi si\u0119 podczas zawod\u00f3w Area Trout i rekreacyjnego \u0142owienia pstr\u0105g\u00f3w, okoni, kleni. Specjalny silikon i atraktor pozwoli\u0142 stworzy\u0107 nam przyn\u0119t\u0119, kt\u00f3ra zachowuje si\u0119 w wodzie jak \u017cywy robak!<\/p>\n","protected":false},"featured_media":2194,"template":"","meta":[],"product_brand":[22],"product_cat":[195,251,194,21],"product_tag":[],"class_list":{"0":"post-2115","1":"product","2":"type-product","3":"status-publish","4":"has-post-thumbnail","6":"product_brand-mikado","7":"product_cat-gumy","8":"product_cat-imitacje-robakow","9":"product_cat-przynety-spinningowe","10":"product_cat-spinning","12":"first","13":"outofstock","14":"shipping-taxable","15":"purchasable","16":"product-type-simple"},"_links":{"self":[{"href":"https:\/\/kotlinafishing.pl\/index.php?rest_route=\/wp\/v2\/product\/2115","targetHints":{"allow":["GET"]}}],"collection":[{"href":"https:\/\/kotlinafishing.pl\/index.php?rest_route=\/wp\/v2\/product"}],"about":[{"href":"https:\/\/kotlinafishing.pl\/index.php?rest_route=\/wp\/v2\/types\/product"}],"wp:featuredmedia":[{"embeddable":true,"href":"https:\/\/kotlinafishing.pl\/index.php?rest_route=\/wp\/v2\/media\/2194"}],"wp:attachment":[{"href":"https:\/\/kotlinafishing.pl\/index.php?rest_route=%2Fwp%2Fv2%2Fmedia&parent=2115"}],"wp:term":[{"taxonomy":"product_brand","embeddable":true,"href":"https:\/\/kotlinafishing.pl\/index.php?rest_route=%2Fwp%2Fv2%2Fproduct_brand&post=2115"},{"taxonomy":"product_cat","embeddable":true,"href":"https:\/\/kotlinafishing.pl\/index.php?rest_route=%2Fwp%2Fv2%2Fproduct_cat&post=2115"},{"taxonomy":"product_tag","embeddable":true,"href":"https:\/\/kotlinafishing.pl\/index.php?rest_route=%2Fwp%2Fv2%2Fproduct_tag&post=2115"}],"curies":[{"name":"wp","href":"https:\/\/api.w.org\/{rel}","templated":true}]}}