{"id":2110,"date":"2025-12-04T09:07:07","date_gmt":"2025-12-04T08:07:07","guid":{"rendered":"http:\/\/kotlinafishing.pl\/?post_type=product&#038;p=2110"},"modified":"2025-12-07T12:06:38","modified_gmt":"2025-12-07T11:06:38","slug":"wahadlowka-mikado-lazzer-spoon-35g-3","status":"publish","type":"product","link":"https:\/\/kotlinafishing.pl\/?product=wahadlowka-mikado-lazzer-spoon-35g-3","title":{"rendered":"Wahad\u0142\u00f3wka Mikado Lazzer Spoon 3,5g\/3"},"content":{"rendered":"<p>Lazzer spoon to ma\u0142a, uniwersalna wahad\u0142\u00f3wka przeznaczona do po\u0142owu pstr\u0105g\u00f3w, okoni oraz kleni. Uzbrojona w bardzo ostry i mocny hak z mikro zadziorem. W komplecie znajduje si\u0119 r\u00f3wnie\u017c dodatkowy, bezzadziorowy haczyk.<\/p>\n","protected":false},"excerpt":{"rendered":"<p>Lazzer spoon to ma\u0142a, uniwersalna wahad\u0142\u00f3wka przeznaczona do po\u0142owu pstr\u0105g\u00f3w, okoni oraz kleni. Uzbrojona w bardzo ostry i mocny hak z mikro zadziorem. W komplecie znajduje si\u0119 r\u00f3wnie\u017c dodatkowy, bezzadziorowy haczyk.<\/p>\n","protected":false},"featured_media":2200,"template":"","meta":[],"product_brand":[22],"product_cat":[199,194,201,21],"product_tag":[],"class_list":{"0":"post-2110","1":"product","2":"type-product","3":"status-publish","4":"has-post-thumbnail","6":"product_brand-mikado","7":"product_cat-blystki","8":"product_cat-przynety-spinningowe","9":"product_cat-wahadlowki","10":"product_cat-spinning","12":"first","13":"instock","14":"shipping-taxable","15":"purchasable","16":"product-type-simple"},"_links":{"self":[{"href":"https:\/\/kotlinafishing.pl\/index.php?rest_route=\/wp\/v2\/product\/2110","targetHints":{"allow":["GET"]}}],"collection":[{"href":"https:\/\/kotlinafishing.pl\/index.php?rest_route=\/wp\/v2\/product"}],"about":[{"href":"https:\/\/kotlinafishing.pl\/index.php?rest_route=\/wp\/v2\/types\/product"}],"wp:featuredmedia":[{"embeddable":true,"href":"https:\/\/kotlinafishing.pl\/index.php?rest_route=\/wp\/v2\/media\/2200"}],"wp:attachment":[{"href":"https:\/\/kotlinafishing.pl\/index.php?rest_route=%2Fwp%2Fv2%2Fmedia&parent=2110"}],"wp:term":[{"taxonomy":"product_brand","embeddable":true,"href":"https:\/\/kotlinafishing.pl\/index.php?rest_route=%2Fwp%2Fv2%2Fproduct_brand&post=2110"},{"taxonomy":"product_cat","embeddable":true,"href":"https:\/\/kotlinafishing.pl\/index.php?rest_route=%2Fwp%2Fv2%2Fproduct_cat&post=2110"},{"taxonomy":"product_tag","embeddable":true,"href":"https:\/\/kotlinafishing.pl\/index.php?rest_route=%2Fwp%2Fv2%2Fproduct_tag&post=2110"}],"curies":[{"name":"wp","href":"https:\/\/api.w.org\/{rel}","templated":true}]}}