{"id":2101,"date":"2025-12-03T11:17:08","date_gmt":"2025-12-03T10:17:08","guid":{"rendered":"http:\/\/kotlinafishing.pl\/?post_type=product&#038;p=2101"},"modified":"2025-12-07T12:13:11","modified_gmt":"2025-12-07T11:13:11","slug":"wahadlowka-mikado-m-craft-spoon-18g-10","status":"publish","type":"product","link":"https:\/\/kotlinafishing.pl\/?product=wahadlowka-mikado-m-craft-spoon-18g-10","title":{"rendered":"Wahad\u0142\u00f3wka Mikado M-Craft Spoon 1,8g\/10"},"content":{"rendered":"<div class=\"p-2\">\n<p>Genialne wahad\u0142\u00f3wki pstr\u0105gowe w trzech rozmiarach i unikalnych malowaniach, stworzonych dzi\u0119ki do\u015bwiadczeniu ca\u0142ego zespo\u0142u Mikado. Stosunkowo du\u017ca waga, przy niewielkim rozmiarze sprawia, \u017ce s\u0105 niesamowicie lotne.<\/p>\n<\/div>\n<div class=\"p-2\">\n<p>Specyfikacja:<br \/>\n&#8211; Dwustronnie malowana<br \/>\n&#8211; Wyposa\u017cona w bardzo ostry hak z micro zadziorem<br \/>\n&#8211; Perfekcyjnie wykonana z dba\u0142o\u015bci\u0105 o ka\u017cdy detal<\/p>\n<\/div>\n","protected":false},"excerpt":{"rendered":"<p>Genialne wahad\u0142\u00f3wki pstr\u0105gowe w trzech rozmiarach i unikalnych malowaniach, stworzonych dzi\u0119ki do\u015bwiadczeniu ca\u0142ego zespo\u0142u Mikado. Stosunkowo du\u017ca waga, przy niewielkim rozmiarze sprawia, \u017ce s\u0105 niesamowicie lotne.<\/p>\n","protected":false},"featured_media":2209,"template":"","meta":[],"product_brand":[22],"product_cat":[199,194,201,21],"product_tag":[],"class_list":{"0":"post-2101","1":"product","2":"type-product","3":"status-publish","4":"has-post-thumbnail","6":"product_brand-mikado","7":"product_cat-blystki","8":"product_cat-przynety-spinningowe","9":"product_cat-wahadlowki","10":"product_cat-spinning","12":"first","13":"instock","14":"shipping-taxable","15":"purchasable","16":"product-type-simple"},"_links":{"self":[{"href":"https:\/\/kotlinafishing.pl\/index.php?rest_route=\/wp\/v2\/product\/2101","targetHints":{"allow":["GET"]}}],"collection":[{"href":"https:\/\/kotlinafishing.pl\/index.php?rest_route=\/wp\/v2\/product"}],"about":[{"href":"https:\/\/kotlinafishing.pl\/index.php?rest_route=\/wp\/v2\/types\/product"}],"wp:featuredmedia":[{"embeddable":true,"href":"https:\/\/kotlinafishing.pl\/index.php?rest_route=\/wp\/v2\/media\/2209"}],"wp:attachment":[{"href":"https:\/\/kotlinafishing.pl\/index.php?rest_route=%2Fwp%2Fv2%2Fmedia&parent=2101"}],"wp:term":[{"taxonomy":"product_brand","embeddable":true,"href":"https:\/\/kotlinafishing.pl\/index.php?rest_route=%2Fwp%2Fv2%2Fproduct_brand&post=2101"},{"taxonomy":"product_cat","embeddable":true,"href":"https:\/\/kotlinafishing.pl\/index.php?rest_route=%2Fwp%2Fv2%2Fproduct_cat&post=2101"},{"taxonomy":"product_tag","embeddable":true,"href":"https:\/\/kotlinafishing.pl\/index.php?rest_route=%2Fwp%2Fv2%2Fproduct_tag&post=2101"}],"curies":[{"name":"wp","href":"https:\/\/api.w.org\/{rel}","templated":true}]}}