{"id":2099,"date":"2025-12-03T10:51:25","date_gmt":"2025-12-03T09:51:25","guid":{"rendered":"http:\/\/kotlinafishing.pl\/?post_type=product&#038;p=2099"},"modified":"2025-12-03T10:51:25","modified_gmt":"2025-12-03T09:51:25","slug":"igla-do-zbrojenia-zywca-jaxon-op-2szt","status":"publish","type":"product","link":"https:\/\/kotlinafishing.pl\/?product=igla-do-zbrojenia-zywca-jaxon-op-2szt","title":{"rendered":"Ig\u0142a do zbrojenia \u017cywca Jaxon (op. 2szt.)"},"content":{"rendered":"<p>W zestawie dwie ig\u0142y do zbrojenia \u017cywca.<\/p>\n","protected":false},"excerpt":{"rendered":"<p>W zestawie dwie ig\u0142y do zbrojenia \u017cywca.<\/p>\n","protected":false},"featured_media":0,"template":"","meta":[],"product_brand":[207],"product_cat":[70,250,19],"product_tag":[],"class_list":{"0":"post-2099","1":"product","2":"type-product","3":"status-publish","5":"product_brand-jaxon","6":"product_cat-akcesoria","7":"product_cat-pozostale-akcesoria-gruntowe","8":"product_cat-grunt","10":"first","11":"instock","12":"shipping-taxable","13":"purchasable","14":"product-type-simple"},"_links":{"self":[{"href":"https:\/\/kotlinafishing.pl\/index.php?rest_route=\/wp\/v2\/product\/2099","targetHints":{"allow":["GET"]}}],"collection":[{"href":"https:\/\/kotlinafishing.pl\/index.php?rest_route=\/wp\/v2\/product"}],"about":[{"href":"https:\/\/kotlinafishing.pl\/index.php?rest_route=\/wp\/v2\/types\/product"}],"wp:attachment":[{"href":"https:\/\/kotlinafishing.pl\/index.php?rest_route=%2Fwp%2Fv2%2Fmedia&parent=2099"}],"wp:term":[{"taxonomy":"product_brand","embeddable":true,"href":"https:\/\/kotlinafishing.pl\/index.php?rest_route=%2Fwp%2Fv2%2Fproduct_brand&post=2099"},{"taxonomy":"product_cat","embeddable":true,"href":"https:\/\/kotlinafishing.pl\/index.php?rest_route=%2Fwp%2Fv2%2Fproduct_cat&post=2099"},{"taxonomy":"product_tag","embeddable":true,"href":"https:\/\/kotlinafishing.pl\/index.php?rest_route=%2Fwp%2Fv2%2Fproduct_tag&post=2099"}],"curies":[{"name":"wp","href":"https:\/\/api.w.org\/{rel}","templated":true}]}}