{"id":2098,"date":"2025-12-03T10:49:10","date_gmt":"2025-12-03T09:49:10","guid":{"rendered":"http:\/\/kotlinafishing.pl\/?post_type=product&#038;p=2098"},"modified":"2026-03-28T12:26:35","modified_gmt":"2026-03-28T11:26:35","slug":"mega-method-feeder-esp-zestaw-podajnik-foremka","status":"publish","type":"product","link":"https:\/\/kotlinafishing.pl\/?product=mega-method-feeder-esp-zestaw-podajnik-foremka","title":{"rendered":"Mega Method Feeder ESP zestaw podajnik + foremka"},"content":{"rendered":"<p>Podajnik do method feeder w rozmiarze XXL w zestawie z foremk\u0105 i \u0142\u0105cznikiem.<\/p>\n","protected":false},"excerpt":{"rendered":"<p>Podajnik do method feeder w rozmiarze XXL w zestawie z foremk\u0105 i \u0142\u0105cznikiem.<\/p>\n","protected":false},"featured_media":2837,"template":"","meta":[],"product_brand":[234],"product_cat":[57,34,55,19,58],"product_tag":[],"class_list":{"0":"post-2098","1":"product","2":"type-product","3":"status-publish","4":"has-post-thumbnail","6":"product_brand-esp","7":"product_cat-foremki","8":"product_cat-koszyczki-podajniki-foremki","9":"product_cat-podajniki-do-methody","10":"product_cat-grunt","11":"product_cat-zestawy-koszyczki-podajniki-foremki","13":"first","14":"instock","15":"shipping-taxable","16":"purchasable","17":"product-type-simple"},"_links":{"self":[{"href":"https:\/\/kotlinafishing.pl\/index.php?rest_route=\/wp\/v2\/product\/2098","targetHints":{"allow":["GET"]}}],"collection":[{"href":"https:\/\/kotlinafishing.pl\/index.php?rest_route=\/wp\/v2\/product"}],"about":[{"href":"https:\/\/kotlinafishing.pl\/index.php?rest_route=\/wp\/v2\/types\/product"}],"wp:featuredmedia":[{"embeddable":true,"href":"https:\/\/kotlinafishing.pl\/index.php?rest_route=\/wp\/v2\/media\/2837"}],"wp:attachment":[{"href":"https:\/\/kotlinafishing.pl\/index.php?rest_route=%2Fwp%2Fv2%2Fmedia&parent=2098"}],"wp:term":[{"taxonomy":"product_brand","embeddable":true,"href":"https:\/\/kotlinafishing.pl\/index.php?rest_route=%2Fwp%2Fv2%2Fproduct_brand&post=2098"},{"taxonomy":"product_cat","embeddable":true,"href":"https:\/\/kotlinafishing.pl\/index.php?rest_route=%2Fwp%2Fv2%2Fproduct_cat&post=2098"},{"taxonomy":"product_tag","embeddable":true,"href":"https:\/\/kotlinafishing.pl\/index.php?rest_route=%2Fwp%2Fv2%2Fproduct_tag&post=2098"}],"curies":[{"name":"wp","href":"https:\/\/api.w.org\/{rel}","templated":true}]}}