{"id":2097,"date":"2025-12-03T10:47:02","date_gmt":"2025-12-03T09:47:02","guid":{"rendered":"http:\/\/kotlinafishing.pl\/?post_type=product&#038;p=2097"},"modified":"2025-12-07T12:14:53","modified_gmt":"2025-12-07T11:14:53","slug":"szydlo-do-kulek-proteinowych-mikado-op-2szt","status":"publish","type":"product","link":"https:\/\/kotlinafishing.pl\/?product=szydlo-do-kulek-proteinowych-mikado-op-2szt","title":{"rendered":"Szyd\u0142o do kulek proteinowych Mikado (op 2szt.)"},"content":{"rendered":"<p>Podstawowa ig\u0142a wyposa\u017cona w zapadk\u0119, idealne narz\u0119dzie do zak\u0142adania przyn\u0119t na w\u0142os przyponu karpiowego.<\/p>\n","protected":false},"excerpt":{"rendered":"<p>Podstawowa ig\u0142a wyposa\u017cona w zapadk\u0119, idealne narz\u0119dzie do zak\u0142adania przyn\u0119t na w\u0142os przyponu karpiowego.<\/p>\n","protected":false},"featured_media":2214,"template":"","meta":[],"product_brand":[22],"product_cat":[70,237,19,20,248,249],"product_tag":[],"class_list":{"0":"post-2097","1":"product","2":"type-product","3":"status-publish","4":"has-post-thumbnail","6":"product_brand-mikado","7":"product_cat-akcesoria","8":"product_cat-akcesoria-karpiowe","9":"product_cat-grunt","10":"product_cat-karp","11":"product_cat-wiertla-i-igly-do-kulek","12":"product_cat-wiertla-i-igly-do-kulek-proteinowych","14":"first","15":"instock","16":"shipping-taxable","17":"purchasable","18":"product-type-simple"},"_links":{"self":[{"href":"https:\/\/kotlinafishing.pl\/index.php?rest_route=\/wp\/v2\/product\/2097","targetHints":{"allow":["GET"]}}],"collection":[{"href":"https:\/\/kotlinafishing.pl\/index.php?rest_route=\/wp\/v2\/product"}],"about":[{"href":"https:\/\/kotlinafishing.pl\/index.php?rest_route=\/wp\/v2\/types\/product"}],"wp:featuredmedia":[{"embeddable":true,"href":"https:\/\/kotlinafishing.pl\/index.php?rest_route=\/wp\/v2\/media\/2214"}],"wp:attachment":[{"href":"https:\/\/kotlinafishing.pl\/index.php?rest_route=%2Fwp%2Fv2%2Fmedia&parent=2097"}],"wp:term":[{"taxonomy":"product_brand","embeddable":true,"href":"https:\/\/kotlinafishing.pl\/index.php?rest_route=%2Fwp%2Fv2%2Fproduct_brand&post=2097"},{"taxonomy":"product_cat","embeddable":true,"href":"https:\/\/kotlinafishing.pl\/index.php?rest_route=%2Fwp%2Fv2%2Fproduct_cat&post=2097"},{"taxonomy":"product_tag","embeddable":true,"href":"https:\/\/kotlinafishing.pl\/index.php?rest_route=%2Fwp%2Fv2%2Fproduct_tag&post=2097"}],"curies":[{"name":"wp","href":"https:\/\/api.w.org\/{rel}","templated":true}]}}