{"id":2094,"date":"2025-12-03T10:37:27","date_gmt":"2025-12-03T09:37:27","guid":{"rendered":"http:\/\/kotlinafishing.pl\/?post_type=product&#038;p=2094"},"modified":"2025-12-07T12:18:27","modified_gmt":"2025-12-07T11:18:27","slug":"pozycjoner-haczyka-dociazony-rozm-l-hak-2-4-op-8szt","status":"publish","type":"product","link":"https:\/\/kotlinafishing.pl\/?product=pozycjoner-haczyka-dociazony-rozm-l-hak-2-4-op-8szt","title":{"rendered":"Pozycjoner haczyka doci\u0105\u017cony rozm. L, hak 2-4 (op. 8szt.)"},"content":{"rendered":"<p>Standardowy pozycjoner haczyka w wersji Tungsten. Doci\u0105\u017cony wolframowym py\u0142em, idealnie przylega do dna i nie p\u0142oszy \u017ceruj\u0105cych karpi. \u015awietnie sprawdzi si\u0119 w konfrontacji z du\u017cymi rybami na trudnych wodach.<\/p>\n","protected":false},"excerpt":{"rendered":"<p>Standardowy pozycjoner haczyka w wersji Tungsten. Doci\u0105\u017cony wolframowym py\u0142em, idealnie przylega do dna i nie p\u0142oszy \u017ceruj\u0105cych karpi. \u015awietnie sprawdzi si\u0119 w konfrontacji z du\u017cymi rybami na trudnych wodach.<\/p>\n","protected":false},"featured_media":2217,"template":"","meta":[],"product_brand":[22],"product_cat":[237,242,20],"product_tag":[],"class_list":{"0":"post-2094","1":"product","2":"type-product","3":"status-publish","4":"has-post-thumbnail","6":"product_brand-mikado","7":"product_cat-akcesoria-karpiowe","8":"product_cat-pozostale-akcesoria-karpiowe","9":"product_cat-karp","11":"first","12":"instock","13":"shipping-taxable","14":"purchasable","15":"product-type-simple"},"_links":{"self":[{"href":"https:\/\/kotlinafishing.pl\/index.php?rest_route=\/wp\/v2\/product\/2094","targetHints":{"allow":["GET"]}}],"collection":[{"href":"https:\/\/kotlinafishing.pl\/index.php?rest_route=\/wp\/v2\/product"}],"about":[{"href":"https:\/\/kotlinafishing.pl\/index.php?rest_route=\/wp\/v2\/types\/product"}],"wp:featuredmedia":[{"embeddable":true,"href":"https:\/\/kotlinafishing.pl\/index.php?rest_route=\/wp\/v2\/media\/2217"}],"wp:attachment":[{"href":"https:\/\/kotlinafishing.pl\/index.php?rest_route=%2Fwp%2Fv2%2Fmedia&parent=2094"}],"wp:term":[{"taxonomy":"product_brand","embeddable":true,"href":"https:\/\/kotlinafishing.pl\/index.php?rest_route=%2Fwp%2Fv2%2Fproduct_brand&post=2094"},{"taxonomy":"product_cat","embeddable":true,"href":"https:\/\/kotlinafishing.pl\/index.php?rest_route=%2Fwp%2Fv2%2Fproduct_cat&post=2094"},{"taxonomy":"product_tag","embeddable":true,"href":"https:\/\/kotlinafishing.pl\/index.php?rest_route=%2Fwp%2Fv2%2Fproduct_tag&post=2094"}],"curies":[{"name":"wp","href":"https:\/\/api.w.org\/{rel}","templated":true}]}}