{"id":2090,"date":"2025-12-03T10:29:11","date_gmt":"2025-12-03T09:29:11","guid":{"rendered":"http:\/\/kotlinafishing.pl\/?post_type=product&#038;p=2090"},"modified":"2026-02-15T19:16:57","modified_gmt":"2026-02-15T18:16:57","slug":"system-do-mocowania-workow-pva-tube-delphin-op-6szt","status":"publish","type":"product","link":"https:\/\/kotlinafishing.pl\/?product=system-do-mocowania-workow-pva-tube-delphin-op-6szt","title":{"rendered":"System do mocowania work\u00f3w PVA Tube Delphin (op. 6szt.)"},"content":{"rendered":"<p>Sprytnie zaprojektowany \u0142\u0105cznik do \u0142owienia z workami PVA, kt\u00f3ry znacznie upraszcza mocowanie przygotowanych work\u00f3w PVA do \u017cy\u0142ki g\u0142\u00f3wnej lub przyponu amortyzuj\u0105cego.<\/p>\n<p><strong>W opakowaniu 6szt.<\/strong><\/p>\n","protected":false},"excerpt":{"rendered":"<p>Sprytnie zaprojektowany \u0142\u0105cznik do \u0142owienia z workami PVA, kt\u00f3ry znacznie upraszcza mocowanie przygotowanych work\u00f3w PVA do \u017cy\u0142ki g\u0142\u00f3wnej lub przyponu amortyzuj\u0105cego.<\/p>\n","protected":false},"featured_media":2838,"template":"","meta":[],"product_brand":[97],"product_cat":[247,245,20],"product_tag":[],"class_list":{"0":"post-2090","1":"product","2":"type-product","3":"status-publish","4":"has-post-thumbnail","6":"product_brand-delphin","7":"product_cat-akcesoria-do-pva","8":"product_cat-pva","9":"product_cat-karp","11":"first","12":"instock","13":"shipping-taxable","14":"purchasable","15":"product-type-simple"},"_links":{"self":[{"href":"https:\/\/kotlinafishing.pl\/index.php?rest_route=\/wp\/v2\/product\/2090","targetHints":{"allow":["GET"]}}],"collection":[{"href":"https:\/\/kotlinafishing.pl\/index.php?rest_route=\/wp\/v2\/product"}],"about":[{"href":"https:\/\/kotlinafishing.pl\/index.php?rest_route=\/wp\/v2\/types\/product"}],"wp:featuredmedia":[{"embeddable":true,"href":"https:\/\/kotlinafishing.pl\/index.php?rest_route=\/wp\/v2\/media\/2838"}],"wp:attachment":[{"href":"https:\/\/kotlinafishing.pl\/index.php?rest_route=%2Fwp%2Fv2%2Fmedia&parent=2090"}],"wp:term":[{"taxonomy":"product_brand","embeddable":true,"href":"https:\/\/kotlinafishing.pl\/index.php?rest_route=%2Fwp%2Fv2%2Fproduct_brand&post=2090"},{"taxonomy":"product_cat","embeddable":true,"href":"https:\/\/kotlinafishing.pl\/index.php?rest_route=%2Fwp%2Fv2%2Fproduct_cat&post=2090"},{"taxonomy":"product_tag","embeddable":true,"href":"https:\/\/kotlinafishing.pl\/index.php?rest_route=%2Fwp%2Fv2%2Fproduct_tag&post=2090"}],"curies":[{"name":"wp","href":"https:\/\/api.w.org\/{rel}","templated":true}]}}