{"id":2083,"date":"2025-12-03T10:09:47","date_gmt":"2025-12-03T09:09:47","guid":{"rendered":"http:\/\/kotlinafishing.pl\/?post_type=product&#038;p=2083"},"modified":"2025-12-07T12:24:18","modified_gmt":"2025-12-07T11:24:18","slug":"zestaw-leadcore-z-bezpiecznym-klipsem-mikado-op-2szt","status":"publish","type":"product","link":"https:\/\/kotlinafishing.pl\/?product=zestaw-leadcore-z-bezpiecznym-klipsem-mikado-op-2szt","title":{"rendered":"Zestaw leadcore z bezpiecznym klipsem Mikado (op. 2szt.)"},"content":{"rendered":"<p>Seria gotowych zestaw\u00f3w ko\u0144cowych zbudowanych z leadcora. Zaprojektowane w taki spos\u00f3b, aby nie zawie\u015b\u0107 w najci\u0119\u017cszych warunkach. Wszyscy wiemy \u017ce podczas holu bardzo du\u017cych ryb najwa\u017cniejsz\u0105 rol\u0119 odgrywaj\u0105 w\u0142a\u015bnie zestawy ko\u0144cowe i przypony.<\/p>\n<p><strong>W opakowaniu 2szt.<\/strong><\/p>\n","protected":false},"excerpt":{"rendered":"<p>Seria gotowych zestaw\u00f3w ko\u0144cowych zbudowanych z leadcora. Zaprojektowane w taki spos\u00f3b, aby nie zawie\u015b\u0107 w najci\u0119\u017cszych warunkach. Wszyscy wiemy \u017ce podczas holu bardzo du\u017cych ryb najwa\u017cniejsz\u0105 rol\u0119 odgrywaj\u0105 w\u0142a\u015bnie zestawy ko\u0144cowe i przypony.<\/p>\n","protected":false},"featured_media":2222,"template":"","meta":[],"product_brand":[22],"product_cat":[241,20],"product_tag":[],"class_list":{"0":"post-2083","1":"product","2":"type-product","3":"status-publish","4":"has-post-thumbnail","6":"product_brand-mikado","7":"product_cat-gotowe-zestawy","8":"product_cat-karp","10":"first","11":"instock","12":"shipping-taxable","13":"purchasable","14":"product-type-simple"},"_links":{"self":[{"href":"https:\/\/kotlinafishing.pl\/index.php?rest_route=\/wp\/v2\/product\/2083","targetHints":{"allow":["GET"]}}],"collection":[{"href":"https:\/\/kotlinafishing.pl\/index.php?rest_route=\/wp\/v2\/product"}],"about":[{"href":"https:\/\/kotlinafishing.pl\/index.php?rest_route=\/wp\/v2\/types\/product"}],"wp:featuredmedia":[{"embeddable":true,"href":"https:\/\/kotlinafishing.pl\/index.php?rest_route=\/wp\/v2\/media\/2222"}],"wp:attachment":[{"href":"https:\/\/kotlinafishing.pl\/index.php?rest_route=%2Fwp%2Fv2%2Fmedia&parent=2083"}],"wp:term":[{"taxonomy":"product_brand","embeddable":true,"href":"https:\/\/kotlinafishing.pl\/index.php?rest_route=%2Fwp%2Fv2%2Fproduct_brand&post=2083"},{"taxonomy":"product_cat","embeddable":true,"href":"https:\/\/kotlinafishing.pl\/index.php?rest_route=%2Fwp%2Fv2%2Fproduct_cat&post=2083"},{"taxonomy":"product_tag","embeddable":true,"href":"https:\/\/kotlinafishing.pl\/index.php?rest_route=%2Fwp%2Fv2%2Fproduct_tag&post=2083"}],"curies":[{"name":"wp","href":"https:\/\/api.w.org\/{rel}","templated":true}]}}