{"id":2082,"date":"2025-12-03T10:08:06","date_gmt":"2025-12-03T09:08:06","guid":{"rendered":"http:\/\/kotlinafishing.pl\/?post_type=product&#038;p=2082"},"modified":"2026-02-15T19:18:34","modified_gmt":"2026-02-15T18:18:34","slug":"bezpieczny-klips-z-pinem-camo-mikado-op-10szt","status":"publish","type":"product","link":"https:\/\/kotlinafishing.pl\/?product=bezpieczny-klips-z-pinem-camo-mikado-op-10szt","title":{"rendered":"Bezpieczny klips z pinem Camo Mikado (op. 10szt.)"},"content":{"rendered":"<p>Specjalnie wyprofilowany klips bezpieczny z dodatkowym pinem, blokuj\u0105cym kr\u0119tlik wewn\u0105trz klipsa. Nowy kszta\u0142t poprawia u\u0142o\u017cenie ci\u0119\u017cark\u00f3w zar\u00f3wno podczas rzut\u00f3w, jak i w trakcie po\u0142owu w zaczepach, gdzie zale\u017cy nam na gubieniu obci\u0105\u017cenia po braniu.<\/p>\n<p><strong>W opakowaniu 10szt.<\/strong><\/p>\n","protected":false},"excerpt":{"rendered":"<p>Specjalnie wyprofilowany klips bezpieczny z dodatkowym pinem, blokuj\u0105cym kr\u0119tlik wewn\u0105trz klipsa. Nowy kszta\u0142t poprawia u\u0142o\u017cenie ci\u0119\u017cark\u00f3w zar\u00f3wno podczas rzut\u00f3w, jak i w trakcie po\u0142owu w zaczepach, gdzie zale\u017cy nam na gubieniu obci\u0105\u017cenia po braniu.<\/p>\n<p><strong>W opakowaniu 10szt.<\/strong><\/p>\n","protected":false},"featured_media":2840,"template":"","meta":[],"product_brand":[22],"product_cat":[237,240,20],"product_tag":[],"class_list":{"0":"post-2082","1":"product","2":"type-product","3":"status-publish","4":"has-post-thumbnail","6":"product_brand-mikado","7":"product_cat-akcesoria-karpiowe","8":"product_cat-bezpieczne-klipsy","9":"product_cat-karp","11":"first","12":"instock","13":"shipping-taxable","14":"purchasable","15":"product-type-simple"},"_links":{"self":[{"href":"https:\/\/kotlinafishing.pl\/index.php?rest_route=\/wp\/v2\/product\/2082","targetHints":{"allow":["GET"]}}],"collection":[{"href":"https:\/\/kotlinafishing.pl\/index.php?rest_route=\/wp\/v2\/product"}],"about":[{"href":"https:\/\/kotlinafishing.pl\/index.php?rest_route=\/wp\/v2\/types\/product"}],"wp:featuredmedia":[{"embeddable":true,"href":"https:\/\/kotlinafishing.pl\/index.php?rest_route=\/wp\/v2\/media\/2840"}],"wp:attachment":[{"href":"https:\/\/kotlinafishing.pl\/index.php?rest_route=%2Fwp%2Fv2%2Fmedia&parent=2082"}],"wp:term":[{"taxonomy":"product_brand","embeddable":true,"href":"https:\/\/kotlinafishing.pl\/index.php?rest_route=%2Fwp%2Fv2%2Fproduct_brand&post=2082"},{"taxonomy":"product_cat","embeddable":true,"href":"https:\/\/kotlinafishing.pl\/index.php?rest_route=%2Fwp%2Fv2%2Fproduct_cat&post=2082"},{"taxonomy":"product_tag","embeddable":true,"href":"https:\/\/kotlinafishing.pl\/index.php?rest_route=%2Fwp%2Fv2%2Fproduct_tag&post=2082"}],"curies":[{"name":"wp","href":"https:\/\/api.w.org\/{rel}","templated":true}]}}