{"id":2071,"date":"2025-11-28T15:36:54","date_gmt":"2025-11-28T14:36:54","guid":{"rendered":"http:\/\/kotlinafishing.pl\/?post_type=product&#038;p=2071"},"modified":"2025-12-07T12:42:30","modified_gmt":"2025-12-07T11:42:30","slug":"wkrety-karpiowe-do-kulek-mikado-op-10szt","status":"publish","type":"product","link":"https:\/\/kotlinafishing.pl\/?product=wkrety-karpiowe-do-kulek-mikado-op-10szt","title":{"rendered":"Wkr\u0119ty karpiowe do kulek Mikado (op. 10szt.)"},"content":{"rendered":"<p>Metalowy wkr\u0119t do przyn\u0119t, szczeg\u00f3lnie wykorzystywany podczas po\u0142owu na kulki p\u0142ywaj\u0105ce pop-up. Niezast\u0105piony w przyponach typu D-rig lub Chod rig.<\/p>\n","protected":false},"excerpt":{"rendered":"<p>Metalowy wkr\u0119t do przyn\u0119t, szczeg\u00f3lnie wykorzystywany podczas po\u0142owu na kulki p\u0142ywaj\u0105ce pop-up. Niezast\u0105piony w przyponach typu D-rig lub Chod rig.<\/p>\n","protected":false},"featured_media":2231,"template":"","meta":[],"product_brand":[22],"product_cat":[237,20,239],"product_tag":[],"class_list":{"0":"post-2071","1":"product","2":"type-product","3":"status-publish","4":"has-post-thumbnail","6":"product_brand-mikado","7":"product_cat-akcesoria-karpiowe","8":"product_cat-karp","9":"product_cat-wkrety-do-kulek","11":"first","12":"instock","13":"shipping-taxable","14":"purchasable","15":"product-type-variable"},"_links":{"self":[{"href":"https:\/\/kotlinafishing.pl\/index.php?rest_route=\/wp\/v2\/product\/2071","targetHints":{"allow":["GET"]}}],"collection":[{"href":"https:\/\/kotlinafishing.pl\/index.php?rest_route=\/wp\/v2\/product"}],"about":[{"href":"https:\/\/kotlinafishing.pl\/index.php?rest_route=\/wp\/v2\/types\/product"}],"wp:featuredmedia":[{"embeddable":true,"href":"https:\/\/kotlinafishing.pl\/index.php?rest_route=\/wp\/v2\/media\/2231"}],"wp:attachment":[{"href":"https:\/\/kotlinafishing.pl\/index.php?rest_route=%2Fwp%2Fv2%2Fmedia&parent=2071"}],"wp:term":[{"taxonomy":"product_brand","embeddable":true,"href":"https:\/\/kotlinafishing.pl\/index.php?rest_route=%2Fwp%2Fv2%2Fproduct_brand&post=2071"},{"taxonomy":"product_cat","embeddable":true,"href":"https:\/\/kotlinafishing.pl\/index.php?rest_route=%2Fwp%2Fv2%2Fproduct_cat&post=2071"},{"taxonomy":"product_tag","embeddable":true,"href":"https:\/\/kotlinafishing.pl\/index.php?rest_route=%2Fwp%2Fv2%2Fproduct_tag&post=2071"}],"curies":[{"name":"wp","href":"https:\/\/api.w.org\/{rel}","templated":true}]}}