{"id":2054,"date":"2025-11-28T14:46:40","date_gmt":"2025-11-28T13:46:40","guid":{"rendered":"http:\/\/kotlinafishing.pl\/?post_type=product&#038;p=2054"},"modified":"2025-12-07T11:59:15","modified_gmt":"2025-12-07T10:59:15","slug":"stopery-karpiowe-do-przynet-przedluzajace-wlos-mikado-op-2szt","status":"publish","type":"product","link":"https:\/\/kotlinafishing.pl\/?product=stopery-karpiowe-do-przynet-przedluzajace-wlos-mikado-op-2szt","title":{"rendered":"Stopery karpiowe do przyn\u0119t (przed\u0142u\u017caj\u0105ce w\u0142os) Mikado (op. 2szt.)"},"content":{"rendered":"<p>Specjalistyczne stopery do kulek proteinowych pozwalaj\u0105ce wyd\u0142u\u017cy\u0107 zbyt kr\u00f3tki w\u0142os. W zestawie s\u0105 3 r\u00f3\u017cne d\u0142ugo\u015bci, dzi\u0119ki kt\u00f3rym mo\u017cna zmienia\u0107 wielko\u015b\u0107 przyn\u0119ty, nie wymieniaj\u0105c przypon\u00f3w.<\/p>\n","protected":false},"excerpt":{"rendered":"<p>Specjalistyczne stopery do kulek proteinowych pozwalaj\u0105ce wyd\u0142u\u017cy\u0107 zbyt kr\u00f3tki w\u0142os. W zestawie s\u0105 3 r\u00f3\u017cne d\u0142ugo\u015bci, dzi\u0119ki kt\u00f3rym mo\u017cna zmienia\u0107 wielko\u015b\u0107 przyn\u0119ty, nie wymieniaj\u0105c przypon\u00f3w.<\/p>\n","protected":false},"featured_media":2190,"template":"","meta":[],"product_brand":[22],"product_cat":[237,238,20],"product_tag":[],"class_list":{"0":"post-2054","1":"product","2":"type-product","3":"status-publish","4":"has-post-thumbnail","6":"product_brand-mikado","7":"product_cat-akcesoria-karpiowe","8":"product_cat-stopery-karpiowe-do-przynet","9":"product_cat-karp","11":"first","12":"instock","13":"shipping-taxable","14":"purchasable","15":"product-type-simple"},"_links":{"self":[{"href":"https:\/\/kotlinafishing.pl\/index.php?rest_route=\/wp\/v2\/product\/2054","targetHints":{"allow":["GET"]}}],"collection":[{"href":"https:\/\/kotlinafishing.pl\/index.php?rest_route=\/wp\/v2\/product"}],"about":[{"href":"https:\/\/kotlinafishing.pl\/index.php?rest_route=\/wp\/v2\/types\/product"}],"wp:featuredmedia":[{"embeddable":true,"href":"https:\/\/kotlinafishing.pl\/index.php?rest_route=\/wp\/v2\/media\/2190"}],"wp:attachment":[{"href":"https:\/\/kotlinafishing.pl\/index.php?rest_route=%2Fwp%2Fv2%2Fmedia&parent=2054"}],"wp:term":[{"taxonomy":"product_brand","embeddable":true,"href":"https:\/\/kotlinafishing.pl\/index.php?rest_route=%2Fwp%2Fv2%2Fproduct_brand&post=2054"},{"taxonomy":"product_cat","embeddable":true,"href":"https:\/\/kotlinafishing.pl\/index.php?rest_route=%2Fwp%2Fv2%2Fproduct_cat&post=2054"},{"taxonomy":"product_tag","embeddable":true,"href":"https:\/\/kotlinafishing.pl\/index.php?rest_route=%2Fwp%2Fv2%2Fproduct_tag&post=2054"}],"curies":[{"name":"wp","href":"https:\/\/api.w.org\/{rel}","templated":true}]}}