{"id":2046,"date":"2025-11-25T15:34:43","date_gmt":"2025-11-25T14:34:43","guid":{"rendered":"http:\/\/kotlinafishing.pl\/?post_type=product&#038;p=2046"},"modified":"2025-11-25T15:34:43","modified_gmt":"2025-11-25T14:34:43","slug":"przypony-karpiowe-esp-ronnie-rigs-z-zadziorem","status":"publish","type":"product","link":"https:\/\/kotlinafishing.pl\/?product=przypony-karpiowe-esp-ronnie-rigs-z-zadziorem","title":{"rendered":"Przypony karpiowe ESP Ronnie Rigs z zadziorem"},"content":{"rendered":"<p data-path-to-node=\"1\">Przypony <b>ESP Ronnie Rigs<\/b> (znane r\u00f3wnie\u017c jako Spinner Rig) to jeden z najskuteczniejszych i najpopularniejszych zestaw\u00f3w karpiowych ostatnich lat, dedykowany do prezentacji <b>p\u0142ywaj\u0105cych przyn\u0119t (<i>pop-up<\/i>)<\/b>. Firma ESP oferuje je w gotowej, profesjonalnej wersji, kt\u00f3ra gwarantuje natychmiastow\u0105 skuteczno\u015b\u0107.<\/p>\n<p data-path-to-node=\"2\">Kluczowe Cechy<\/p>\n<ul data-path-to-node=\"3\">\n<li>\n<p data-path-to-node=\"3,0,0\"><b>Rewolucyjna Mechanika:<\/b> Przypon zapewnia <b>360-stopniow\u0105 rotacj\u0119<\/b> haka i przyn\u0119ty na specjalnym kr\u0119tliku (cz\u0119sto Quick Change Swivel), co sprawia, \u017ce jest <b>niesamowicie agresywny i zaczepny<\/b>. Hak natychmiastowo obraca si\u0119 i wchodzi w pysk karpia.<\/p>\n<\/li>\n<li>\n<p data-path-to-node=\"3,1,0\"><b>Haki o Agresywnym Profilu:<\/b> Zastosowano haki o idealnie dobranym kszta\u0142cie (cz\u0119sto typu <i>Curve Shank<\/i> lub <i>Chod<\/i>), kt\u00f3re w po\u0142\u0105czeniu z kr\u0119tlikiem i pop-upem osi\u0105gaj\u0105 maksymalny potencja\u0142 zaczepiania.<\/p>\n<\/li>\n<li>\n<p data-path-to-node=\"3,2,0\"><b>Szybki Monta\u017c Przyn\u0119ty:<\/b> Gotowe zestawy s\u0105 cz\u0119sto wyposa\u017cone w <b>mikro kr\u0119tlik<\/b>, co pozwala na <b>b\u0142yskawiczn\u0105 wymian\u0119<\/b> przyn\u0119ty p\u0142ywaj\u0105cej bez konieczno\u015bci wi\u0105zania w\u0119z\u0142\u00f3w.<\/p>\n<\/li>\n<li>\n<p data-path-to-node=\"3,4,0\"><b>Wszechstronno\u015b\u0107:<\/b> Cho\u0107 jest to zestaw typowy dla <i>pop-up\u00f3w<\/i>, Ronnie Rig dzia\u0142a doskonale na niemal ka\u017cdym rodzaju dna \u2013 od \u017cwiru, po mu\u0142.<\/p>\n<\/li>\n<\/ul>\n<p data-path-to-node=\"4\"><b>ESP Ronnie Rigs<\/b> to wyb\u00f3r, kt\u00f3ry zapewnia <b>maksymaln\u0105 agresj\u0119 i obrotowo\u015b\u0107<\/b> haka, co przek\u0142ada si\u0119 na wy\u017csz\u0105 skuteczno\u015b\u0107 bra\u0144. Po prostu dodaj <i>pop-up<\/i> i gotowe!<\/p>\n<p data-path-to-node=\"4\"><strong>W opakowaniu 3 sztuki.<\/strong><\/p>\n","protected":false},"excerpt":{"rendered":"<p>Przypony <b>ESP Ronnie Rigs<\/b> (znane r\u00f3wnie\u017c jako Spinner Rig) to jeden z najskuteczniejszych i najpopularniejszych zestaw\u00f3w karpiowych ostatnich lat, dedykowany do prezentacji <b>p\u0142ywaj\u0105cych przyn\u0119t (<i>pop-up<\/i>)<\/b>. Firma ESP oferuje je w gotowej, profesjonalnej wersji, kt\u00f3ra gwarantuje natychmiastow\u0105 skuteczno\u015b\u0107.<\/p>\n","protected":false},"featured_media":0,"template":"","meta":[],"product_brand":[234],"product_cat":[225,227,20],"product_tag":[],"class_list":{"0":"post-2046","1":"product","2":"type-product","3":"status-publish","5":"product_brand-esp","6":"product_cat-haczyki-karpiowe-przypony-i-akcesoria","7":"product_cat-przypony-karpiowe","8":"product_cat-karp","10":"first","11":"instock","12":"shipping-taxable","13":"purchasable","14":"product-type-variable"},"_links":{"self":[{"href":"https:\/\/kotlinafishing.pl\/index.php?rest_route=\/wp\/v2\/product\/2046","targetHints":{"allow":["GET"]}}],"collection":[{"href":"https:\/\/kotlinafishing.pl\/index.php?rest_route=\/wp\/v2\/product"}],"about":[{"href":"https:\/\/kotlinafishing.pl\/index.php?rest_route=\/wp\/v2\/types\/product"}],"wp:attachment":[{"href":"https:\/\/kotlinafishing.pl\/index.php?rest_route=%2Fwp%2Fv2%2Fmedia&parent=2046"}],"wp:term":[{"taxonomy":"product_brand","embeddable":true,"href":"https:\/\/kotlinafishing.pl\/index.php?rest_route=%2Fwp%2Fv2%2Fproduct_brand&post=2046"},{"taxonomy":"product_cat","embeddable":true,"href":"https:\/\/kotlinafishing.pl\/index.php?rest_route=%2Fwp%2Fv2%2Fproduct_cat&post=2046"},{"taxonomy":"product_tag","embeddable":true,"href":"https:\/\/kotlinafishing.pl\/index.php?rest_route=%2Fwp%2Fv2%2Fproduct_tag&post=2046"}],"curies":[{"name":"wp","href":"https:\/\/api.w.org\/{rel}","templated":true}]}}