{"id":2038,"date":"2025-11-25T15:14:28","date_gmt":"2025-11-25T14:14:28","guid":{"rendered":"http:\/\/kotlinafishing.pl\/?post_type=product&#038;p=2038"},"modified":"2025-12-08T20:02:07","modified_gmt":"2025-12-08T19:02:07","slug":"przypony-karpiowe-delphin-the-end-skin-rig-20cm-op-2szt","status":"publish","type":"product","link":"https:\/\/kotlinafishing.pl\/?product=przypony-karpiowe-delphin-the-end-skin-rig-20cm-op-2szt","title":{"rendered":"Przypony karpiowe Delphin The End Skin Rig 20cm (op. 2szt.)"},"content":{"rendered":"<p>Wysoka wytrzyma\u0142o\u015b\u0107 w trakcie najtrudniejszych walk! Gotowe przypony karpiowe z w\u0142osem, wykonane z najlepszych komponent\u00f3w serii THE END w z idealn\u0105 plecionk\u0105 w zestawie SKIN RIG. Model doceni\u0105 wszyscy w\u0119dkarze, kt\u00f3rzy preferuj\u0105 gotowe przypony. Bonusem jest tak\u017ce konkurencyjna cena.<\/p>\n<p>Przypona sk\u0142ada si\u0119 z nast\u0119puj\u0105cych element\u00f3w:<br \/>\n&#8211; Haczyk THE END Enemy (#4\/#6)<br \/>\n&#8211; termokurczliwa rurka os\u0142onowa THE END<br \/>\n&#8211; Plecionka FIN 6K z tward\u0105 pow\u0142ok\u0105<br \/>\n&#8211; Rurka antyspl\u0105taniowa THE END (4cm)<br \/>\n&#8211; Kr\u0119tlik THE END (#4)<\/p>\n<p>Elementy serii w\u0119dkarskiej bi\u017cuterii serii THE END w unikalnym kolorze maskuj\u0105cym G-Round. Idealne za\u0142amanie \u015bwiat\u0142a czyni te produkty niemal niewidocznymi elementami \u015bwiata wodnego. Cz\u0119\u015bciowo przezroczysty br\u0105zowy kolor w po\u0142\u0105czeniu z czarnymi matowymi cz\u0105stkami jest odpowiedni\u0105 formu\u0142\u0105 do bezb\u0142\u0119dnej prezentacji przyn\u0119ty. Doskonale dopracowane szczeg\u00f3\u0142y, d\u0142uga trwa\u0142o\u015b\u0107 i niezawodne systemy to w\u0142a\u015bnie THE END! Poniewa\u017c koniec zestawu jest nowym pocz\u0105tkiem Twojej historii w\u0119dkarskiej!<\/p>\n<p><strong>Dwa przypony w opakowaniu.<\/strong><\/p>\n","protected":false},"excerpt":{"rendered":"<p>Wysoka wytrzyma\u0142o\u015b\u0107 w trakcie najtrudniejszych walk! Gotowe przypony karpiowe z w\u0142osem, wykonane z najlepszych komponent\u00f3w serii THE END w z idealn\u0105 plecionk\u0105 w zestawie SKIN RIG. Model doceni\u0105 wszyscy w\u0119dkarze, kt\u00f3rzy preferuj\u0105 gotowe przypony. Bonusem jest tak\u017ce konkurencyjna cena.<\/p>\n","protected":false},"featured_media":2241,"template":"","meta":[],"product_brand":[97],"product_cat":[225,227,20],"product_tag":[],"class_list":{"0":"post-2038","1":"product","2":"type-product","3":"status-publish","4":"has-post-thumbnail","6":"product_brand-delphin","7":"product_cat-haczyki-karpiowe-przypony-i-akcesoria","8":"product_cat-przypony-karpiowe","9":"product_cat-karp","11":"first","12":"instock","13":"shipping-taxable","14":"purchasable","15":"product-type-variable"},"_links":{"self":[{"href":"https:\/\/kotlinafishing.pl\/index.php?rest_route=\/wp\/v2\/product\/2038","targetHints":{"allow":["GET"]}}],"collection":[{"href":"https:\/\/kotlinafishing.pl\/index.php?rest_route=\/wp\/v2\/product"}],"about":[{"href":"https:\/\/kotlinafishing.pl\/index.php?rest_route=\/wp\/v2\/types\/product"}],"wp:featuredmedia":[{"embeddable":true,"href":"https:\/\/kotlinafishing.pl\/index.php?rest_route=\/wp\/v2\/media\/2241"}],"wp:attachment":[{"href":"https:\/\/kotlinafishing.pl\/index.php?rest_route=%2Fwp%2Fv2%2Fmedia&parent=2038"}],"wp:term":[{"taxonomy":"product_brand","embeddable":true,"href":"https:\/\/kotlinafishing.pl\/index.php?rest_route=%2Fwp%2Fv2%2Fproduct_brand&post=2038"},{"taxonomy":"product_cat","embeddable":true,"href":"https:\/\/kotlinafishing.pl\/index.php?rest_route=%2Fwp%2Fv2%2Fproduct_cat&post=2038"},{"taxonomy":"product_tag","embeddable":true,"href":"https:\/\/kotlinafishing.pl\/index.php?rest_route=%2Fwp%2Fv2%2Fproduct_tag&post=2038"}],"curies":[{"name":"wp","href":"https:\/\/api.w.org\/{rel}","templated":true}]}}