{"id":2029,"date":"2025-11-24T15:04:26","date_gmt":"2025-11-24T14:04:26","guid":{"rendered":"http:\/\/kotlinafishing.pl\/?post_type=product&#038;p=2029"},"modified":"2025-11-24T15:04:26","modified_gmt":"2025-11-24T14:04:26","slug":"sygnalizator-podwieszany-hanger-mikado-op-1szt","status":"publish","type":"product","link":"https:\/\/kotlinafishing.pl\/?product=sygnalizator-podwieszany-hanger-mikado-op-1szt","title":{"rendered":"Sygnalizator podwieszany hanger Mikado (op. 1szt.)"},"content":{"rendered":"<p>M-Tec to nowoczesne, pod\u015bwietlane sygnalizatory ze sztywnym ramieniem. Wyposa\u017cone w specjalny klips do linki, przesuwne obci\u0105\u017cenie oraz naci\u0105g spr\u0119\u017cynowy ze stopniow\u0105 regulacj\u0105. Idealne na w\u0119dkowanie r\u00f3wnie\u017c z mocno napi\u0119t\u0105 plecionk\u0105 przy dalekiej wyw\u00f3zce.<\/p>\n","protected":false},"excerpt":{"rendered":"<p>M-Tec to nowoczesne, pod\u015bwietlane sygnalizatory ze sztywnym ramieniem. Wyposa\u017cone w specjalny klips do linki, przesuwne obci\u0105\u017cenie oraz naci\u0105g spr\u0119\u017cynowy ze stopniow\u0105 regulacj\u0105. Idealne na w\u0119dkowanie r\u00f3wnie\u017c z mocno napi\u0119t\u0105 plecionk\u0105 przy dalekiej wyw\u00f3zce.<\/p>\n","protected":false},"featured_media":0,"template":"","meta":[],"product_brand":[22],"product_cat":[230,232,20],"product_tag":[],"class_list":{"0":"post-2029","1":"product","2":"type-product","3":"status-publish","5":"product_brand-mikado","6":"product_cat-stanowisko-karpiowe","7":"product_cat-swingery-hangery","8":"product_cat-karp","10":"first","11":"instock","12":"shipping-taxable","13":"purchasable","14":"product-type-variable"},"_links":{"self":[{"href":"https:\/\/kotlinafishing.pl\/index.php?rest_route=\/wp\/v2\/product\/2029","targetHints":{"allow":["GET"]}}],"collection":[{"href":"https:\/\/kotlinafishing.pl\/index.php?rest_route=\/wp\/v2\/product"}],"about":[{"href":"https:\/\/kotlinafishing.pl\/index.php?rest_route=\/wp\/v2\/types\/product"}],"wp:attachment":[{"href":"https:\/\/kotlinafishing.pl\/index.php?rest_route=%2Fwp%2Fv2%2Fmedia&parent=2029"}],"wp:term":[{"taxonomy":"product_brand","embeddable":true,"href":"https:\/\/kotlinafishing.pl\/index.php?rest_route=%2Fwp%2Fv2%2Fproduct_brand&post=2029"},{"taxonomy":"product_cat","embeddable":true,"href":"https:\/\/kotlinafishing.pl\/index.php?rest_route=%2Fwp%2Fv2%2Fproduct_cat&post=2029"},{"taxonomy":"product_tag","embeddable":true,"href":"https:\/\/kotlinafishing.pl\/index.php?rest_route=%2Fwp%2Fv2%2Fproduct_tag&post=2029"}],"curies":[{"name":"wp","href":"https:\/\/api.w.org\/{rel}","templated":true}]}}