{"id":1957,"date":"2025-11-13T10:43:03","date_gmt":"2025-11-13T09:43:03","guid":{"rendered":"http:\/\/kotlinafishing.pl\/?post_type=product&#038;p=1957"},"modified":"2026-03-26T15:38:35","modified_gmt":"2026-03-26T14:38:35","slug":"kolowrotek-mikado-trython","status":"publish","type":"product","link":"https:\/\/kotlinafishing.pl\/?product=kolowrotek-mikado-trython","title":{"rendered":"Ko\u0142owrotek Mikado Trython"},"content":{"rendered":"<p>Seria uniwersalnych ko\u0142owrotk\u00f3w, kt\u00f3re sprawdz\u0105 si\u0119 podczas po\u0142ow\u00f3w spiningowych, sp\u0142awikowych, b\u0105d\u017a gruntowych. Wyposa\u017cone w \u0142o\u017cysko oporowe, precyzyjny hamulec i mocn\u0105 przek\u0142adnie gwarantuj\u0105 niezawodn\u0105 prac\u0119 w ka\u017cdych warunkach.<\/p>\n","protected":false},"excerpt":{"rendered":"<p>Seria uniwersalnych ko\u0142owrotk\u00f3w, kt\u00f3re sprawdz\u0105 si\u0119 podczas po\u0142ow\u00f3w spiningowych, sp\u0142awikowych, b\u0105d\u017a gruntowych. Wyposa\u017cone w \u0142o\u017cysko oporowe, precyzyjny hamulec i mocn\u0105 przek\u0142adnie gwarantuj\u0105 niezawodn\u0105 prac\u0119 w ka\u017cdych warunkach.<\/p>\n","protected":false},"featured_media":1973,"template":"","meta":[],"product_brand":[22],"product_cat":[38,39,19,21],"product_tag":[],"class_list":{"0":"post-1957","1":"product","2":"type-product","3":"status-publish","4":"has-post-thumbnail","6":"product_brand-mikado","7":"product_cat-kolowrotki","8":"product_cat-kolowrotki-feederowe","9":"product_cat-grunt","10":"product_cat-spinning","12":"first","13":"instock","14":"shipping-taxable","15":"purchasable","16":"product-type-variable"},"_links":{"self":[{"href":"https:\/\/kotlinafishing.pl\/index.php?rest_route=\/wp\/v2\/product\/1957","targetHints":{"allow":["GET"]}}],"collection":[{"href":"https:\/\/kotlinafishing.pl\/index.php?rest_route=\/wp\/v2\/product"}],"about":[{"href":"https:\/\/kotlinafishing.pl\/index.php?rest_route=\/wp\/v2\/types\/product"}],"wp:featuredmedia":[{"embeddable":true,"href":"https:\/\/kotlinafishing.pl\/index.php?rest_route=\/wp\/v2\/media\/1973"}],"wp:attachment":[{"href":"https:\/\/kotlinafishing.pl\/index.php?rest_route=%2Fwp%2Fv2%2Fmedia&parent=1957"}],"wp:term":[{"taxonomy":"product_brand","embeddable":true,"href":"https:\/\/kotlinafishing.pl\/index.php?rest_route=%2Fwp%2Fv2%2Fproduct_brand&post=1957"},{"taxonomy":"product_cat","embeddable":true,"href":"https:\/\/kotlinafishing.pl\/index.php?rest_route=%2Fwp%2Fv2%2Fproduct_cat&post=1957"},{"taxonomy":"product_tag","embeddable":true,"href":"https:\/\/kotlinafishing.pl\/index.php?rest_route=%2Fwp%2Fv2%2Fproduct_tag&post=1957"}],"curies":[{"name":"wp","href":"https:\/\/api.w.org\/{rel}","templated":true}]}}