{"id":1916,"date":"2025-11-13T09:34:38","date_gmt":"2025-11-13T08:34:38","guid":{"rendered":"http:\/\/kotlinafishing.pl\/?post_type=product&#038;p=1916"},"modified":"2025-11-23T12:17:45","modified_gmt":"2025-11-23T11:17:45","slug":"delphin-tbx-duo-274-11p-clip","status":"publish","type":"product","link":"https:\/\/kotlinafishing.pl\/?product=delphin-tbx-duo-274-11p-clip","title":{"rendered":"Pude\u0142ko spinningowe Delphin TBX Duo 274-11P Clip"},"content":{"rendered":"<p><strong>Delphin TBX DUO 274-11P Clip<\/strong> to wielofunkcyjne pude\u0142ko oferuj\u0105ce du\u017co miejsca na ma\u0142e przyn\u0119ty i akcesoria w\u0119dkarskie. Dost\u0119pny w kolorze ciemnoszarym. DUO oznacza r\u00f3wnie\u017c, \u017ce z ka\u017cdej strony s\u0105 dwie pokrywy. Przezroczysta pokrywa jest wyposa\u017cona w plastikowe zatrzaski.<\/p>\n<p><strong>Parametry techniczne:<\/strong><br \/>\nWymiary: 274 x 180 x 63 mm<br \/>\nLiczba sta\u0142ych przegr\u00f3d: 11<br \/>\nWymiary kom\u00f3r: 6x (4x16x2,5cm), 4x (12,5&#215;3,8&#215;3,5cm), 1x (11,5x16x3,5cm)<br \/>\nLiczba zmiennych przegr\u00f3d: 19<\/p>\n","protected":false},"excerpt":{"rendered":"<p><strong>Delphin TBX DUO 274-11P Clip<\/strong> to wielofunkcyjne pude\u0142ko oferuj\u0105ce du\u017co miejsca na ma\u0142e przyn\u0119ty i akcesoria w\u0119dkarskie. Dost\u0119pny w kolorze ciemnoszarym. DUO oznacza r\u00f3wnie\u017c, \u017ce z ka\u017cdej strony s\u0105 dwie pokrywy. Przezroczysta pokrywa jest wyposa\u017cona w plastikowe zatrzaski.<\/p>\n","protected":false},"featured_media":2017,"template":"","meta":[],"product_brand":[97],"product_cat":[222,21],"product_tag":[],"class_list":{"0":"post-1916","1":"product","2":"type-product","3":"status-publish","4":"has-post-thumbnail","6":"product_brand-delphin","7":"product_cat-pudelka-spinningowe","8":"product_cat-spinning","10":"first","11":"instock","12":"shipping-taxable","13":"purchasable","14":"product-type-simple"},"_links":{"self":[{"href":"https:\/\/kotlinafishing.pl\/index.php?rest_route=\/wp\/v2\/product\/1916","targetHints":{"allow":["GET"]}}],"collection":[{"href":"https:\/\/kotlinafishing.pl\/index.php?rest_route=\/wp\/v2\/product"}],"about":[{"href":"https:\/\/kotlinafishing.pl\/index.php?rest_route=\/wp\/v2\/types\/product"}],"wp:featuredmedia":[{"embeddable":true,"href":"https:\/\/kotlinafishing.pl\/index.php?rest_route=\/wp\/v2\/media\/2017"}],"wp:attachment":[{"href":"https:\/\/kotlinafishing.pl\/index.php?rest_route=%2Fwp%2Fv2%2Fmedia&parent=1916"}],"wp:term":[{"taxonomy":"product_brand","embeddable":true,"href":"https:\/\/kotlinafishing.pl\/index.php?rest_route=%2Fwp%2Fv2%2Fproduct_brand&post=1916"},{"taxonomy":"product_cat","embeddable":true,"href":"https:\/\/kotlinafishing.pl\/index.php?rest_route=%2Fwp%2Fv2%2Fproduct_cat&post=1916"},{"taxonomy":"product_tag","embeddable":true,"href":"https:\/\/kotlinafishing.pl\/index.php?rest_route=%2Fwp%2Fv2%2Fproduct_tag&post=1916"}],"curies":[{"name":"wp","href":"https:\/\/api.w.org\/{rel}","templated":true}]}}