{"id":1915,"date":"2025-11-13T09:33:09","date_gmt":"2025-11-13T08:33:09","guid":{"rendered":"http:\/\/kotlinafishing.pl\/?post_type=product&#038;p=1915"},"modified":"2025-11-23T09:54:29","modified_gmt":"2025-11-23T08:54:29","slug":"pudelko-na-przynety-dwustronne-h1907-mikado","status":"publish","type":"product","link":"https:\/\/kotlinafishing.pl\/?product=pudelko-na-przynety-dwustronne-h1907-mikado","title":{"rendered":"Pude\u0142ko na przyn\u0119ty dwustronne H1907 Mikado"},"content":{"rendered":"<p>Dwustronne pude\u0142ko w\u0119dkarskie wykonane z wysokiej jako\u015bci plastiku z pewnym zamykaniem. Wyposa\u017cone w g\u0105bk\u0119 z jednej strony oraz klasyczne plastikowe przegr\u00f3dki z drugiej. \u015awietnie sprawdzi si\u0119 na obrot\u00f3wki, woblery, wahad\u0142\u00f3wki czy cykady.<\/p>\n<h4 class=\"text-black fw-bold\">Wymiary: 20.5&#215;14.5&#215;4.2cm<\/h4>\n","protected":false},"excerpt":{"rendered":"<p>Dwustronne pude\u0142ko w\u0119dkarskie wykonane z wysokiej jako\u015bci plastiku z pewnym zamykaniem. Wyposa\u017cone w g\u0105bk\u0119 z jednej strony oraz klasyczne plastikowe przegr\u00f3dki z drugiej. \u015awietnie sprawdzi si\u0119 na obrot\u00f3wki, woblery, wahad\u0142\u00f3wki czy cykady.<\/p>\n","protected":false},"featured_media":1974,"template":"","meta":[],"product_brand":[22],"product_cat":[222,21],"product_tag":[],"class_list":{"0":"post-1915","1":"product","2":"type-product","3":"status-publish","4":"has-post-thumbnail","6":"product_brand-mikado","7":"product_cat-pudelka-spinningowe","8":"product_cat-spinning","10":"first","11":"instock","12":"shipping-taxable","13":"purchasable","14":"product-type-simple"},"_links":{"self":[{"href":"https:\/\/kotlinafishing.pl\/index.php?rest_route=\/wp\/v2\/product\/1915","targetHints":{"allow":["GET"]}}],"collection":[{"href":"https:\/\/kotlinafishing.pl\/index.php?rest_route=\/wp\/v2\/product"}],"about":[{"href":"https:\/\/kotlinafishing.pl\/index.php?rest_route=\/wp\/v2\/types\/product"}],"wp:featuredmedia":[{"embeddable":true,"href":"https:\/\/kotlinafishing.pl\/index.php?rest_route=\/wp\/v2\/media\/1974"}],"wp:attachment":[{"href":"https:\/\/kotlinafishing.pl\/index.php?rest_route=%2Fwp%2Fv2%2Fmedia&parent=1915"}],"wp:term":[{"taxonomy":"product_brand","embeddable":true,"href":"https:\/\/kotlinafishing.pl\/index.php?rest_route=%2Fwp%2Fv2%2Fproduct_brand&post=1915"},{"taxonomy":"product_cat","embeddable":true,"href":"https:\/\/kotlinafishing.pl\/index.php?rest_route=%2Fwp%2Fv2%2Fproduct_cat&post=1915"},{"taxonomy":"product_tag","embeddable":true,"href":"https:\/\/kotlinafishing.pl\/index.php?rest_route=%2Fwp%2Fv2%2Fproduct_tag&post=1915"}],"curies":[{"name":"wp","href":"https:\/\/api.w.org\/{rel}","templated":true}]}}