{"id":1913,"date":"2025-11-13T09:28:38","date_gmt":"2025-11-13T08:28:38","guid":{"rendered":"http:\/\/kotlinafishing.pl\/?post_type=product&#038;p=1913"},"modified":"2025-11-23T12:17:10","modified_gmt":"2025-11-23T11:17:10","slug":"delphin-atoma-feeder-rigs-hard-box","status":"publish","type":"product","link":"https:\/\/kotlinafishing.pl\/?product=delphin-atoma-feeder-rigs-hard-box","title":{"rendered":"Pude\u0142ko na przypony Delphin Atoma Feeder Rigs Hard Box"},"content":{"rendered":"<p>Delphin <strong>ATOMA<\/strong> to pude\u0142ko przeznaczone na przypony. Jest to praktyczne pude\u0142ko do przechowywania gotowych zestaw\u00f3w, kt\u00f3re powinny znale\u017a\u0107 swoje miejsce w twoim sprz\u0119cie w\u0119dkarskim. To p\u0142askie pude\u0142ko jest wykonane z tworzywa sztucznego. Jego dolna cz\u0119\u015b\u0107 jest w czerwonym kolorze wyposa\u017conym w ma\u0142e szpilki, a druga cz\u0119\u015b\u0107 ma piank\u0119 EVA, do kt\u00f3rej mo\u017cna przymocowa\u0107 haczyki. G\u00f3rna cz\u0119\u015b\u0107 wykonana jest z przezroczystego plastiku dla lepszego wgl\u0105du do twoich zestaw\u00f3w. Pokrywa zamyka si\u0119 dwoma wbudowanymi klipsami.<\/p>\n","protected":false},"excerpt":{"rendered":"<p>Delphin <strong>ATOMA<\/strong> to pude\u0142ko przeznaczone na przypony. Jest to praktyczne pude\u0142ko do przechowywania gotowych zestaw\u00f3w, kt\u00f3re powinny znale\u017a\u0107 swoje miejsce w twoim sprz\u0119cie w\u0119dkarskim. To p\u0142askie pude\u0142ko jest wykonane z tworzywa sztucznego. Jego dolna cz\u0119\u015b\u0107 jest w czerwonym kolorze wyposa\u017conym w ma\u0142e szpilki, a druga cz\u0119\u015b\u0107 ma piank\u0119 EVA, do kt\u00f3rej mo\u017cna przymocowa\u0107 haczyki. G\u00f3rna cz\u0119\u015b\u0107 wykonana jest z przezroczystego plastiku dla lepszego wgl\u0105du do twoich zestaw\u00f3w. Pokrywa zamyka si\u0119 dwoma wbudowanymi klipsami.<\/p>\n","protected":false},"featured_media":2018,"template":"","meta":[],"product_brand":[97],"product_cat":[225,205,220,228,19,20],"product_tag":[],"class_list":{"0":"post-1913","1":"product","2":"type-product","3":"status-publish","4":"has-post-thumbnail","6":"product_brand-delphin","7":"product_cat-haczyki-karpiowe-przypony-i-akcesoria","8":"product_cat-haczyki-gotowe-przypony","9":"product_cat-pudelka-na-przypony","10":"product_cat-pudelka-na-przypony-karpiowe","11":"product_cat-grunt","12":"product_cat-karp","14":"first","15":"instock","16":"shipping-taxable","17":"purchasable","18":"product-type-simple"},"_links":{"self":[{"href":"https:\/\/kotlinafishing.pl\/index.php?rest_route=\/wp\/v2\/product\/1913","targetHints":{"allow":["GET"]}}],"collection":[{"href":"https:\/\/kotlinafishing.pl\/index.php?rest_route=\/wp\/v2\/product"}],"about":[{"href":"https:\/\/kotlinafishing.pl\/index.php?rest_route=\/wp\/v2\/types\/product"}],"wp:featuredmedia":[{"embeddable":true,"href":"https:\/\/kotlinafishing.pl\/index.php?rest_route=\/wp\/v2\/media\/2018"}],"wp:attachment":[{"href":"https:\/\/kotlinafishing.pl\/index.php?rest_route=%2Fwp%2Fv2%2Fmedia&parent=1913"}],"wp:term":[{"taxonomy":"product_brand","embeddable":true,"href":"https:\/\/kotlinafishing.pl\/index.php?rest_route=%2Fwp%2Fv2%2Fproduct_brand&post=1913"},{"taxonomy":"product_cat","embeddable":true,"href":"https:\/\/kotlinafishing.pl\/index.php?rest_route=%2Fwp%2Fv2%2Fproduct_cat&post=1913"},{"taxonomy":"product_tag","embeddable":true,"href":"https:\/\/kotlinafishing.pl\/index.php?rest_route=%2Fwp%2Fv2%2Fproduct_tag&post=1913"}],"curies":[{"name":"wp","href":"https:\/\/api.w.org\/{rel}","templated":true}]}}