{"id":1910,"date":"2025-11-13T09:15:25","date_gmt":"2025-11-13T08:15:25","guid":{"rendered":"http:\/\/kotlinafishing.pl\/?post_type=product&#038;p=1910"},"modified":"2025-11-23T12:19:16","modified_gmt":"2025-11-23T11:19:16","slug":"pudelko-spinningowe-delphin-tbx-duo-114-9p","status":"publish","type":"product","link":"https:\/\/kotlinafishing.pl\/?product=pudelko-spinningowe-delphin-tbx-duo-114-9p","title":{"rendered":"Pude\u0142ko spinningowe Delphin TBX Duo 114-9P"},"content":{"rendered":"<p><strong>Delphin TBX Duo 114-9P<\/strong> to wielofunkcyjne pude\u0142ko oferuj\u0105ce du\u017co miejsca na ma\u0142e przyn\u0119ty i akcesoria w\u0119dkarskie. Dost\u0119pny w kolorze ciemnozielonym z szarym sznurkiem. DUO oznacza r\u00f3wnie\u017c, \u017ce z ka\u017cdej strony s\u0105 dwie pokrywy. Pokrywy te s\u0105 wyposa\u017cone w plastikowe zatrzaski.<\/p>\n<p><strong>Parametry techniczne:<\/strong><br \/>\nWymiary: 114 x 62 x 34 mm<br \/>\nLiczba sta\u0142ych przegr\u00f3d: 7<br \/>\nWymiary przedzia\u0142\u00f3w: 7x (5&#215;2,5&#215;1,5cm), 1x (2,6&#215;2,5&#215;1,5cm), 1x (2&#215;2,5&#215;1,5cm)<br \/>\nLiczba zmiennych przegr\u00f3d: 0<\/p>\n","protected":false},"excerpt":{"rendered":"<p><strong>Delphin TBX Duo 114-9P<\/strong> to wielofunkcyjne pude\u0142ko oferuj\u0105ce du\u017co miejsca na ma\u0142e przyn\u0119ty i akcesoria w\u0119dkarskie. Dost\u0119pny w kolorze ciemnozielonym z szarym sznurkiem. DUO oznacza r\u00f3wnie\u017c, \u017ce z ka\u017cdej strony s\u0105 dwie pokrywy. Pokrywy te s\u0105 wyposa\u017cone w plastikowe zatrzaski.<\/p>\n","protected":false},"featured_media":2023,"template":"","meta":[],"product_brand":[97],"product_cat":[222,21],"product_tag":[],"class_list":{"0":"post-1910","1":"product","2":"type-product","3":"status-publish","4":"has-post-thumbnail","6":"product_brand-delphin","7":"product_cat-pudelka-spinningowe","8":"product_cat-spinning","10":"first","11":"instock","12":"shipping-taxable","13":"purchasable","14":"product-type-simple"},"_links":{"self":[{"href":"https:\/\/kotlinafishing.pl\/index.php?rest_route=\/wp\/v2\/product\/1910","targetHints":{"allow":["GET"]}}],"collection":[{"href":"https:\/\/kotlinafishing.pl\/index.php?rest_route=\/wp\/v2\/product"}],"about":[{"href":"https:\/\/kotlinafishing.pl\/index.php?rest_route=\/wp\/v2\/types\/product"}],"wp:featuredmedia":[{"embeddable":true,"href":"https:\/\/kotlinafishing.pl\/index.php?rest_route=\/wp\/v2\/media\/2023"}],"wp:attachment":[{"href":"https:\/\/kotlinafishing.pl\/index.php?rest_route=%2Fwp%2Fv2%2Fmedia&parent=1910"}],"wp:term":[{"taxonomy":"product_brand","embeddable":true,"href":"https:\/\/kotlinafishing.pl\/index.php?rest_route=%2Fwp%2Fv2%2Fproduct_brand&post=1910"},{"taxonomy":"product_cat","embeddable":true,"href":"https:\/\/kotlinafishing.pl\/index.php?rest_route=%2Fwp%2Fv2%2Fproduct_cat&post=1910"},{"taxonomy":"product_tag","embeddable":true,"href":"https:\/\/kotlinafishing.pl\/index.php?rest_route=%2Fwp%2Fv2%2Fproduct_tag&post=1910"}],"curies":[{"name":"wp","href":"https:\/\/api.w.org\/{rel}","templated":true}]}}