{"id":1899,"date":"2025-11-12T11:04:56","date_gmt":"2025-11-12T10:04:56","guid":{"rendered":"http:\/\/kotlinafishing.pl\/?post_type=product&#038;p=1899"},"modified":"2026-02-22T17:32:45","modified_gmt":"2026-02-22T16:32:45","slug":"pudelko-na-przynety-bait-box-red-06l-matchpro","status":"publish","type":"product","link":"https:\/\/kotlinafishing.pl\/?product=pudelko-na-przynety-bait-box-red-06l-matchpro","title":{"rendered":"Pude\u0142ko na przyn\u0119ty Bait Box Red 0,6l MatchPro"},"content":{"rendered":"<p>Pude\u0142ko na przyn\u0119ty o pojemno\u015bci 0,6l z wentylowan\u0105 pokrywk\u0105.<\/p>\n","protected":false},"excerpt":{"rendered":"<p>Pude\u0142ko na przyn\u0119ty o pojemno\u015bci 0,6l z wentylowan\u0105 pokrywk\u0105.<\/p>\n","protected":false},"featured_media":3044,"template":"","meta":[],"product_brand":[24],"product_cat":[219,19,49],"product_tag":[],"class_list":{"0":"post-1899","1":"product","2":"type-product","3":"status-publish","4":"has-post-thumbnail","6":"product_brand-matchpro","7":"product_cat-pudelka-na-robaki-i-pellet","8":"product_cat-grunt","9":"product_cat-wiadra-miski-sita","11":"first","12":"instock","13":"shipping-taxable","14":"purchasable","15":"product-type-simple"},"_links":{"self":[{"href":"https:\/\/kotlinafishing.pl\/index.php?rest_route=\/wp\/v2\/product\/1899","targetHints":{"allow":["GET"]}}],"collection":[{"href":"https:\/\/kotlinafishing.pl\/index.php?rest_route=\/wp\/v2\/product"}],"about":[{"href":"https:\/\/kotlinafishing.pl\/index.php?rest_route=\/wp\/v2\/types\/product"}],"wp:featuredmedia":[{"embeddable":true,"href":"https:\/\/kotlinafishing.pl\/index.php?rest_route=\/wp\/v2\/media\/3044"}],"wp:attachment":[{"href":"https:\/\/kotlinafishing.pl\/index.php?rest_route=%2Fwp%2Fv2%2Fmedia&parent=1899"}],"wp:term":[{"taxonomy":"product_brand","embeddable":true,"href":"https:\/\/kotlinafishing.pl\/index.php?rest_route=%2Fwp%2Fv2%2Fproduct_brand&post=1899"},{"taxonomy":"product_cat","embeddable":true,"href":"https:\/\/kotlinafishing.pl\/index.php?rest_route=%2Fwp%2Fv2%2Fproduct_cat&post=1899"},{"taxonomy":"product_tag","embeddable":true,"href":"https:\/\/kotlinafishing.pl\/index.php?rest_route=%2Fwp%2Fv2%2Fproduct_tag&post=1899"}],"curies":[{"name":"wp","href":"https:\/\/api.w.org\/{rel}","templated":true}]}}