{"id":1892,"date":"2025-11-12T10:57:54","date_gmt":"2025-11-12T09:57:54","guid":{"rendered":"http:\/\/kotlinafishing.pl\/?post_type=product&#038;p=1892"},"modified":"2026-03-29T19:32:04","modified_gmt":"2026-03-29T17:32:04","slug":"koszyczek-zanetowy-delphin-riverstix","status":"publish","type":"product","link":"https:\/\/kotlinafishing.pl\/?product=koszyczek-zanetowy-delphin-riverstix","title":{"rendered":"Koszyczek zan\u0119towy Delphin RiverStix"},"content":{"rendered":"<p>\u0141owienie metod\u0105 feeder w wodach p\u0142yn\u0105cych mo\u017ce by\u0107 czasami trudne ze wzgl\u0119du na specyficzne warunki, zw\u0142aszcza silny pr\u0105d. Wi\u0119kszo\u015b\u0107 standardowych koszyczk\u00f3w zan\u0119towych nie jest w stanie utrzyma\u0107 swojej pozycji w nurcie i cz\u0119sto jest zmywana z miejsca \u017cerowania. W\u0142a\u015bnie dlatego zaprojektowano koszyczek <strong>RiverStix<\/strong> &#8211; aby zminimalizowa\u0107 jego ruch na dnie i zapewni\u0107, \u017ce przyn\u0119ta pozostanie we w\u0142a\u015bciwym miejscu podczas wedkowania.<\/p>\n<p>Koszyczek <strong>RiverStix<\/strong> zosta\u0142 specjalnie zaprojektowany do \u0142owienia w silnych pr\u0105dach. Jego okr\u0105g\u0142y kszta\u0142t pozwala na zmieszczenie w nim odpowiedniej ilo\u015bci zan\u0119ty. Korpus koszyczka wykonany jest z wytrzyma\u0142ego drutu, dzi\u0119ki czemu nie odkszta\u0142ca si\u0119 pod naciskiem.<strong> RiverStix<\/strong> bezpiecznie utrzymuje mieszank\u0119 zan\u0119tow\u0105 wewn\u0105trz koszyka, umo\u017cliwiaj\u0105c bezpieczny transport na \u0142owisko za pomoc\u0105 w\u0119dki feederowej. Uzupe\u0142nieniem koszyczka jest wyj\u0105tkowo mocne, karbowane rami\u0119.<\/p>\n<p>Jedn\u0105 z kluczowych zalet <strong>RiverStix<\/strong> w por\u00f3wnaniu z innymi koszyczkami s\u0105 w\u0105sy na spodzie koszyka. Po dotarciu do \u0142owiska w\u0105sy zakotwiczaj\u0105 si\u0119 w osadzie z pomoc\u0105 pr\u0105du, zapobiegaj\u0105c zmyciu koszyczka. S\u0105 one wykonane z mocnego drutu, aby zapobiec z\u0142amaniu lub niepo\u017c\u0105danemu zgi\u0119ciu.<\/p>\n<p><strong>RiverStix<\/strong> jest dost\u0119pny w kolorze czarnym z zielonymi plamkami. Ta kolorystyka kamufluje koszyczek na dnie rzeki, a jednocze\u015bnie pasuje do serii produkt\u00f3w REAXE feeder.<\/p>\n<p><strong>Dane techniczne:<\/strong><br \/>\nWymiary koszyczka: 40&#215;35 mm<\/p>\n","protected":false},"excerpt":{"rendered":"<p>\u0141owienie metod\u0105 feeder w wodach p\u0142yn\u0105cych mo\u017ce by\u0107 czasami trudne ze wzgl\u0119du na specyficzne warunki, zw\u0142aszcza silny pr\u0105d. Wi\u0119kszo\u015b\u0107 standardowych koszyczk\u00f3w zan\u0119towych nie jest w stanie utrzyma\u0107 swojej pozycji w nurcie i cz\u0119sto jest zmywana z miejsca \u017cerowania. W\u0142a\u015bnie dlatego zaprojektowano koszyczek <strong>RiverStix<\/strong> &#8211; aby zminimalizowa\u0107 jego ruch na dnie i zapewni\u0107, \u017ce przyn\u0119ta pozostanie we w\u0142a\u015bciwym miejscu podczas wedkowania.<\/p>\n","protected":false},"featured_media":2026,"template":"","meta":[],"product_brand":[97],"product_cat":[54,34,19],"product_tag":[],"class_list":{"0":"post-1892","1":"product","2":"type-product","3":"status-publish","4":"has-post-thumbnail","6":"product_brand-delphin","7":"product_cat-koszyczki-klasyczny-feeder","8":"product_cat-koszyczki-podajniki-foremki","9":"product_cat-grunt","11":"first","12":"instock","13":"shipping-taxable","14":"purchasable","15":"product-type-variable"},"_links":{"self":[{"href":"https:\/\/kotlinafishing.pl\/index.php?rest_route=\/wp\/v2\/product\/1892","targetHints":{"allow":["GET"]}}],"collection":[{"href":"https:\/\/kotlinafishing.pl\/index.php?rest_route=\/wp\/v2\/product"}],"about":[{"href":"https:\/\/kotlinafishing.pl\/index.php?rest_route=\/wp\/v2\/types\/product"}],"wp:featuredmedia":[{"embeddable":true,"href":"https:\/\/kotlinafishing.pl\/index.php?rest_route=\/wp\/v2\/media\/2026"}],"wp:attachment":[{"href":"https:\/\/kotlinafishing.pl\/index.php?rest_route=%2Fwp%2Fv2%2Fmedia&parent=1892"}],"wp:term":[{"taxonomy":"product_brand","embeddable":true,"href":"https:\/\/kotlinafishing.pl\/index.php?rest_route=%2Fwp%2Fv2%2Fproduct_brand&post=1892"},{"taxonomy":"product_cat","embeddable":true,"href":"https:\/\/kotlinafishing.pl\/index.php?rest_route=%2Fwp%2Fv2%2Fproduct_cat&post=1892"},{"taxonomy":"product_tag","embeddable":true,"href":"https:\/\/kotlinafishing.pl\/index.php?rest_route=%2Fwp%2Fv2%2Fproduct_tag&post=1892"}],"curies":[{"name":"wp","href":"https:\/\/api.w.org\/{rel}","templated":true}]}}