{"id":1880,"date":"2025-11-12T10:41:19","date_gmt":"2025-11-12T09:41:19","guid":{"rendered":"http:\/\/kotlinafishing.pl\/?post_type=product&#038;p=1880"},"modified":"2026-02-22T17:34:40","modified_gmt":"2026-02-22T16:34:40","slug":"zestaw-pudelek-na-robaki-matrioszki-matchpro","status":"publish","type":"product","link":"https:\/\/kotlinafishing.pl\/?product=zestaw-pudelek-na-robaki-matrioszki-matchpro","title":{"rendered":"Zestaw pude\u0142ek na robaki, matrioszki MatchPro"},"content":{"rendered":"<p>Pude\u0142ka posiadaj\u0105 pokrywki z dziurkami co u\u0142atwia transportowanie \u017cywych przyn\u0119t.<\/p>\n<p>Komplet zawiera 5 szt. pude\u0142ek o r\u00f3\u017cnej pojemno\u015bci , po z\u0142o\u017ceniu wszystkie mieszcz\u0105 si\u0119 w najwi\u0119ksze co u\u0142atwia transport.<\/p>\n<p>&nbsp;<\/p>\n<p><strong>Komplet zawiera:<\/strong><\/p>\n<p>1 x 1 L<\/p>\n<p>1 x 3\/4 L<\/p>\n<p>1 x 1\/2 L<\/p>\n<p>1 x 1\/4L<\/p>\n","protected":false},"excerpt":{"rendered":"<p>Pude\u0142ka posiadaj\u0105 pokrywki z dziurkami co u\u0142atwia transportowanie \u017cywych przyn\u0119t.<\/p>\n<p>Komplet zawiera 5 szt. pude\u0142ek o r\u00f3\u017cnej pojemno\u015bci , po z\u0142o\u017ceniu wszystkie mieszcz\u0105 si\u0119 w najwi\u0119ksze co u\u0142atwia transport.<\/p>\n","protected":false},"featured_media":3045,"template":"","meta":[],"product_brand":[24],"product_cat":[219,19,49],"product_tag":[],"class_list":{"0":"post-1880","1":"product","2":"type-product","3":"status-publish","4":"has-post-thumbnail","6":"product_brand-matchpro","7":"product_cat-pudelka-na-robaki-i-pellet","8":"product_cat-grunt","9":"product_cat-wiadra-miski-sita","11":"first","12":"instock","13":"shipping-taxable","14":"purchasable","15":"product-type-simple"},"_links":{"self":[{"href":"https:\/\/kotlinafishing.pl\/index.php?rest_route=\/wp\/v2\/product\/1880","targetHints":{"allow":["GET"]}}],"collection":[{"href":"https:\/\/kotlinafishing.pl\/index.php?rest_route=\/wp\/v2\/product"}],"about":[{"href":"https:\/\/kotlinafishing.pl\/index.php?rest_route=\/wp\/v2\/types\/product"}],"wp:featuredmedia":[{"embeddable":true,"href":"https:\/\/kotlinafishing.pl\/index.php?rest_route=\/wp\/v2\/media\/3045"}],"wp:attachment":[{"href":"https:\/\/kotlinafishing.pl\/index.php?rest_route=%2Fwp%2Fv2%2Fmedia&parent=1880"}],"wp:term":[{"taxonomy":"product_brand","embeddable":true,"href":"https:\/\/kotlinafishing.pl\/index.php?rest_route=%2Fwp%2Fv2%2Fproduct_brand&post=1880"},{"taxonomy":"product_cat","embeddable":true,"href":"https:\/\/kotlinafishing.pl\/index.php?rest_route=%2Fwp%2Fv2%2Fproduct_cat&post=1880"},{"taxonomy":"product_tag","embeddable":true,"href":"https:\/\/kotlinafishing.pl\/index.php?rest_route=%2Fwp%2Fv2%2Fproduct_tag&post=1880"}],"curies":[{"name":"wp","href":"https:\/\/api.w.org\/{rel}","templated":true}]}}