{"id":1875,"date":"2025-11-12T10:28:47","date_gmt":"2025-11-12T09:28:47","guid":{"rendered":"http:\/\/kotlinafishing.pl\/?post_type=product&#038;p=1875"},"modified":"2025-12-08T20:11:14","modified_gmt":"2025-12-08T19:11:14","slug":"pojemnik-eva-delphin-reaxe-meshbax-z-siatka","status":"publish","type":"product","link":"https:\/\/kotlinafishing.pl\/?product=pojemnik-eva-delphin-reaxe-meshbax-z-siatka","title":{"rendered":"Pojemnik EVA Delphin Reaxe MeshBAX z siatk\u0105"},"content":{"rendered":"<p>Praktyczna torba u\u017cywana g\u0142\u00f3wnie do larw lub innych rodzaj\u00f3w \u017cywych przyn\u0119t. Pokrywa ma czarn\u0105 siatk\u0119, kt\u00f3ra zapewnia wystarczaj\u0105c\u0105 ilo\u015b\u0107 powietrza dla robak\u00f3w. Zapobiega to ich przegrzaniu, dzi\u0119ki czemu d\u0142u\u017cej pozostaj\u0105 \u017cywe i \u015bwie\u017ce. Torba jest czarna z szar\u0105 siatk\u0105 i dobrze widocznym zamkiem b\u0142yskawicznym, kt\u00f3ry zapobiega wydostawaniu si\u0119 robak\u00f3w.<\/p>\n<p><strong>MeshBAX<\/strong> mo\u017ce by\u0107 u\u017cywana jako wszechstronna torba na ma\u0142e akcesoria w\u0119dkarskie, przyn\u0119ty, dipy lub inne elementy. Produkt wykonano z materia\u0142u EVA, kt\u00f3ry jest \u0142atwy w czyszczeniu i odporny na uszkodzenia mechaniczne oraz dzia\u0142anie wody.<\/p>\n<p><strong>Informacje techniczne:<\/strong><br \/>\nWymiary: 22x15x10cm<\/p>\n","protected":false},"excerpt":{"rendered":"<p>Praktyczna torba u\u017cywana g\u0142\u00f3wnie do larw lub innych rodzaj\u00f3w \u017cywych przyn\u0119t. Pokrywa ma czarn\u0105 siatk\u0119, kt\u00f3ra zapewnia wystarczaj\u0105c\u0105 ilo\u015b\u0107 powietrza dla robak\u00f3w. Zapobiega to ich przegrzaniu, dzi\u0119ki czemu d\u0142u\u017cej pozostaj\u0105 \u017cywe i \u015bwie\u017ce. Torba jest czarna z szar\u0105 siatk\u0105 i dobrze widocznym zamkiem b\u0142yskawicznym, kt\u00f3ry zapobiega wydostawaniu si\u0119 robak\u00f3w.<\/p>\n","protected":false},"featured_media":2253,"template":"","meta":[],"product_brand":[97],"product_cat":[53,219,19,49],"product_tag":[],"class_list":{"0":"post-1875","1":"product","2":"type-product","3":"status-publish","4":"has-post-thumbnail","6":"product_brand-delphin","7":"product_cat-pojemniki-eva","8":"product_cat-pudelka-na-robaki-i-pellet","9":"product_cat-grunt","10":"product_cat-wiadra-miski-sita","12":"first","13":"instock","14":"shipping-taxable","15":"purchasable","16":"product-type-simple"},"_links":{"self":[{"href":"https:\/\/kotlinafishing.pl\/index.php?rest_route=\/wp\/v2\/product\/1875","targetHints":{"allow":["GET"]}}],"collection":[{"href":"https:\/\/kotlinafishing.pl\/index.php?rest_route=\/wp\/v2\/product"}],"about":[{"href":"https:\/\/kotlinafishing.pl\/index.php?rest_route=\/wp\/v2\/types\/product"}],"wp:featuredmedia":[{"embeddable":true,"href":"https:\/\/kotlinafishing.pl\/index.php?rest_route=\/wp\/v2\/media\/2253"}],"wp:attachment":[{"href":"https:\/\/kotlinafishing.pl\/index.php?rest_route=%2Fwp%2Fv2%2Fmedia&parent=1875"}],"wp:term":[{"taxonomy":"product_brand","embeddable":true,"href":"https:\/\/kotlinafishing.pl\/index.php?rest_route=%2Fwp%2Fv2%2Fproduct_brand&post=1875"},{"taxonomy":"product_cat","embeddable":true,"href":"https:\/\/kotlinafishing.pl\/index.php?rest_route=%2Fwp%2Fv2%2Fproduct_cat&post=1875"},{"taxonomy":"product_tag","embeddable":true,"href":"https:\/\/kotlinafishing.pl\/index.php?rest_route=%2Fwp%2Fv2%2Fproduct_tag&post=1875"}],"curies":[{"name":"wp","href":"https:\/\/api.w.org\/{rel}","templated":true}]}}