{"id":1871,"date":"2025-11-08T07:59:11","date_gmt":"2025-11-08T06:59:11","guid":{"rendered":"http:\/\/kotlinafishing.pl\/?post_type=product&#038;p=1871"},"modified":"2025-11-23T11:57:32","modified_gmt":"2025-11-23T10:57:32","slug":"pudelko-na-przypony-10-125cm-mikado-mf-rig-box","status":"publish","type":"product","link":"https:\/\/kotlinafishing.pl\/?product=pudelko-na-przypony-10-125cm-mikado-mf-rig-box","title":{"rendered":"Pude\u0142ko na przypony 10-12,5cm Mikado MF Rig Box"},"content":{"rendered":"<p>Wysokiej jako\u015bci pude\u0142ko, kt\u00f3re sprawdzi si\u0119 w technice method feeder i u\u0142atwi organizacj\u0119 oraz przechowywanie oko\u0142o 120 gotowych przypon\u00f3w o d\u0142ugo\u015bci 10 lub 12.5cm.<\/p>\n","protected":false},"excerpt":{"rendered":"<p>Wysokiej jako\u015bci pude\u0142ko, kt\u00f3re sprawdzi si\u0119 w technice method feeder i u\u0142atwi organizacj\u0119 oraz przechowywanie oko\u0142o 120 gotowych przypon\u00f3w o d\u0142ugo\u015bci 10 lub 12.5cm.<\/p>\n","protected":false},"featured_media":1986,"template":"","meta":[],"product_brand":[22],"product_cat":[205,220,19],"product_tag":[],"class_list":{"0":"post-1871","1":"product","2":"type-product","3":"status-publish","4":"has-post-thumbnail","6":"product_brand-mikado","7":"product_cat-haczyki-gotowe-przypony","8":"product_cat-pudelka-na-przypony","9":"product_cat-grunt","11":"first","12":"instock","13":"shipping-taxable","14":"purchasable","15":"product-type-simple"},"_links":{"self":[{"href":"https:\/\/kotlinafishing.pl\/index.php?rest_route=\/wp\/v2\/product\/1871","targetHints":{"allow":["GET"]}}],"collection":[{"href":"https:\/\/kotlinafishing.pl\/index.php?rest_route=\/wp\/v2\/product"}],"about":[{"href":"https:\/\/kotlinafishing.pl\/index.php?rest_route=\/wp\/v2\/types\/product"}],"wp:featuredmedia":[{"embeddable":true,"href":"https:\/\/kotlinafishing.pl\/index.php?rest_route=\/wp\/v2\/media\/1986"}],"wp:attachment":[{"href":"https:\/\/kotlinafishing.pl\/index.php?rest_route=%2Fwp%2Fv2%2Fmedia&parent=1871"}],"wp:term":[{"taxonomy":"product_brand","embeddable":true,"href":"https:\/\/kotlinafishing.pl\/index.php?rest_route=%2Fwp%2Fv2%2Fproduct_brand&post=1871"},{"taxonomy":"product_cat","embeddable":true,"href":"https:\/\/kotlinafishing.pl\/index.php?rest_route=%2Fwp%2Fv2%2Fproduct_cat&post=1871"},{"taxonomy":"product_tag","embeddable":true,"href":"https:\/\/kotlinafishing.pl\/index.php?rest_route=%2Fwp%2Fv2%2Fproduct_tag&post=1871"}],"curies":[{"name":"wp","href":"https:\/\/api.w.org\/{rel}","templated":true}]}}