{"id":1865,"date":"2025-11-08T07:50:02","date_gmt":"2025-11-08T06:50:02","guid":{"rendered":"http:\/\/kotlinafishing.pl\/?post_type=product&#038;p=1865"},"modified":"2025-11-23T09:51:10","modified_gmt":"2025-11-23T08:51:10","slug":"pudelko-matchpro-1-2l-white-z-pokrywka","status":"publish","type":"product","link":"https:\/\/kotlinafishing.pl\/?product=pudelko-matchpro-1-2l-white-z-pokrywka","title":{"rendered":"Pude\u0142ko MatchPro 1\/2l White z pokrywk\u0105"},"content":{"rendered":"<p>Funkcjonalne pude\u0142ko na przyn\u0119ty o pojemno\u015bci 0,5l. Wyposa\u017cone w wentylowan\u0105 przykrywk\u0119 oraz podzia\u0142k\u0119 ze skal\u0105.<\/p>\n","protected":false},"excerpt":{"rendered":"<p>Funkcjonalne pude\u0142ko na przyn\u0119ty o pojemno\u015bci 0,5l. Wyposa\u017cone w wentylowan\u0105 przykrywk\u0119 oraz podzia\u0142k\u0119 ze skal\u0105.<\/p>\n","protected":false},"featured_media":0,"template":"","meta":[],"product_brand":[24],"product_cat":[219,19,49],"product_tag":[],"class_list":{"0":"post-1865","1":"product","2":"type-product","3":"status-publish","5":"product_brand-matchpro","6":"product_cat-pudelka-na-robaki-i-pellet","7":"product_cat-grunt","8":"product_cat-wiadra-miski-sita","10":"first","11":"instock","12":"shipping-taxable","13":"purchasable","14":"product-type-simple"},"_links":{"self":[{"href":"https:\/\/kotlinafishing.pl\/index.php?rest_route=\/wp\/v2\/product\/1865","targetHints":{"allow":["GET"]}}],"collection":[{"href":"https:\/\/kotlinafishing.pl\/index.php?rest_route=\/wp\/v2\/product"}],"about":[{"href":"https:\/\/kotlinafishing.pl\/index.php?rest_route=\/wp\/v2\/types\/product"}],"wp:attachment":[{"href":"https:\/\/kotlinafishing.pl\/index.php?rest_route=%2Fwp%2Fv2%2Fmedia&parent=1865"}],"wp:term":[{"taxonomy":"product_brand","embeddable":true,"href":"https:\/\/kotlinafishing.pl\/index.php?rest_route=%2Fwp%2Fv2%2Fproduct_brand&post=1865"},{"taxonomy":"product_cat","embeddable":true,"href":"https:\/\/kotlinafishing.pl\/index.php?rest_route=%2Fwp%2Fv2%2Fproduct_cat&post=1865"},{"taxonomy":"product_tag","embeddable":true,"href":"https:\/\/kotlinafishing.pl\/index.php?rest_route=%2Fwp%2Fv2%2Fproduct_tag&post=1865"}],"curies":[{"name":"wp","href":"https:\/\/api.w.org\/{rel}","templated":true}]}}