{"id":1864,"date":"2025-11-08T07:47:54","date_gmt":"2025-11-08T06:47:54","guid":{"rendered":"http:\/\/kotlinafishing.pl\/?post_type=product&#038;p=1864"},"modified":"2026-02-22T17:44:34","modified_gmt":"2026-02-22T16:44:34","slug":"pudelko-matchpro-125l-white-z-pokrywka","status":"publish","type":"product","link":"https:\/\/kotlinafishing.pl\/?product=pudelko-matchpro-125l-white-z-pokrywka","title":{"rendered":"Pude\u0142ko MatchPro 1,25l White z pokrywk\u0105"},"content":{"rendered":"<p>Funkcjonalne pude\u0142ko na przyn\u0119ty o pojemno\u015bci 1,25l. Wyposa\u017cone w wentylowan\u0105 przykrywk\u0119 oraz podzia\u0142k\u0119 ze skal\u0105.<\/p>\n","protected":false},"excerpt":{"rendered":"<p>Funkcjonalne pude\u0142ko na przyn\u0119ty o pojemno\u015bci 1,25l. Wyposa\u017cone w wentylowan\u0105 przykrywk\u0119 oraz podzia\u0142k\u0119 ze skal\u0105.<\/p>\n","protected":false},"featured_media":3043,"template":"","meta":[],"product_brand":[24],"product_cat":[219,19,49],"product_tag":[],"class_list":{"0":"post-1864","1":"product","2":"type-product","3":"status-publish","4":"has-post-thumbnail","6":"product_brand-matchpro","7":"product_cat-pudelka-na-robaki-i-pellet","8":"product_cat-grunt","9":"product_cat-wiadra-miski-sita","11":"first","12":"instock","13":"shipping-taxable","14":"purchasable","15":"product-type-simple"},"_links":{"self":[{"href":"https:\/\/kotlinafishing.pl\/index.php?rest_route=\/wp\/v2\/product\/1864","targetHints":{"allow":["GET"]}}],"collection":[{"href":"https:\/\/kotlinafishing.pl\/index.php?rest_route=\/wp\/v2\/product"}],"about":[{"href":"https:\/\/kotlinafishing.pl\/index.php?rest_route=\/wp\/v2\/types\/product"}],"wp:featuredmedia":[{"embeddable":true,"href":"https:\/\/kotlinafishing.pl\/index.php?rest_route=\/wp\/v2\/media\/3043"}],"wp:attachment":[{"href":"https:\/\/kotlinafishing.pl\/index.php?rest_route=%2Fwp%2Fv2%2Fmedia&parent=1864"}],"wp:term":[{"taxonomy":"product_brand","embeddable":true,"href":"https:\/\/kotlinafishing.pl\/index.php?rest_route=%2Fwp%2Fv2%2Fproduct_brand&post=1864"},{"taxonomy":"product_cat","embeddable":true,"href":"https:\/\/kotlinafishing.pl\/index.php?rest_route=%2Fwp%2Fv2%2Fproduct_cat&post=1864"},{"taxonomy":"product_tag","embeddable":true,"href":"https:\/\/kotlinafishing.pl\/index.php?rest_route=%2Fwp%2Fv2%2Fproduct_tag&post=1864"}],"curies":[{"name":"wp","href":"https:\/\/api.w.org\/{rel}","templated":true}]}}