{"id":1852,"date":"2025-11-08T06:24:26","date_gmt":"2025-11-08T05:24:26","guid":{"rendered":"http:\/\/kotlinafishing.pl\/?post_type=product&#038;p=1852"},"modified":"2025-11-08T06:29:18","modified_gmt":"2025-11-08T05:29:18","slug":"szczypce-zakrzywione-delphin-18cm","status":"publish","type":"product","link":"https:\/\/kotlinafishing.pl\/?product=szczypce-zakrzywione-delphin-18cm","title":{"rendered":"Szczypce zakrzywione Delphin 18cm"},"content":{"rendered":"<p>Podstawowe narz\u0119dzie rybackie, kt\u00f3re s\u0142u\u017cy do delikatnego zwolnienia haczyka z pyska ryby.<\/p>\n","protected":false},"excerpt":{"rendered":"<p>Podstawowe narz\u0119dzie rybackie, kt\u00f3re s\u0142u\u017cy do delikatnego zwolnienia haczyka z pyska ryby.<\/p>\n","protected":false},"featured_media":1856,"template":"","meta":[],"product_brand":[97],"product_cat":[210,211,21],"product_tag":[],"class_list":{"0":"post-1852","1":"product","2":"type-product","3":"status-publish","4":"has-post-thumbnail","6":"product_brand-delphin","7":"product_cat-narzedzia-wedkarskie","8":"product_cat-szczypce","9":"product_cat-spinning","11":"first","12":"instock","13":"shipping-taxable","14":"purchasable","15":"product-type-simple"},"_links":{"self":[{"href":"https:\/\/kotlinafishing.pl\/index.php?rest_route=\/wp\/v2\/product\/1852","targetHints":{"allow":["GET"]}}],"collection":[{"href":"https:\/\/kotlinafishing.pl\/index.php?rest_route=\/wp\/v2\/product"}],"about":[{"href":"https:\/\/kotlinafishing.pl\/index.php?rest_route=\/wp\/v2\/types\/product"}],"wp:featuredmedia":[{"embeddable":true,"href":"https:\/\/kotlinafishing.pl\/index.php?rest_route=\/wp\/v2\/media\/1856"}],"wp:attachment":[{"href":"https:\/\/kotlinafishing.pl\/index.php?rest_route=%2Fwp%2Fv2%2Fmedia&parent=1852"}],"wp:term":[{"taxonomy":"product_brand","embeddable":true,"href":"https:\/\/kotlinafishing.pl\/index.php?rest_route=%2Fwp%2Fv2%2Fproduct_brand&post=1852"},{"taxonomy":"product_cat","embeddable":true,"href":"https:\/\/kotlinafishing.pl\/index.php?rest_route=%2Fwp%2Fv2%2Fproduct_cat&post=1852"},{"taxonomy":"product_tag","embeddable":true,"href":"https:\/\/kotlinafishing.pl\/index.php?rest_route=%2Fwp%2Fv2%2Fproduct_tag&post=1852"}],"curies":[{"name":"wp","href":"https:\/\/api.w.org\/{rel}","templated":true}]}}