{"id":1844,"date":"2025-11-07T17:24:18","date_gmt":"2025-11-07T16:24:18","guid":{"rendered":"http:\/\/kotlinafishing.pl\/?post_type=product&#038;p=1844"},"modified":"2026-03-28T10:08:25","modified_gmt":"2026-03-28T09:08:25","slug":"przypony-mikado-sensual-feeder-70cm-op-8szt-z-zadziorem","status":"publish","type":"product","link":"https:\/\/kotlinafishing.pl\/?product=przypony-mikado-sensual-feeder-70cm-op-8szt-z-zadziorem","title":{"rendered":"Przypony Mikado Sensual Feeder 70cm op. 8szt (z zadziorem)"},"content":{"rendered":"<p>Przypony do po\u0142owu tzw. Feederem z koszyczkiem zan\u0119towym. Ostre i mocne haki gwarantuj\u0105 udany hol nawet z wi\u0119kszej odleg\u0142o\u015bci. \u015awietny wyb\u00f3r pod mniejsze przyn\u0119ty ro\u015blinne jak i zwierz\u0119ce.<\/p>\n<p>Pakowane po\u00a0<strong>8szt.<\/strong><\/p>\n","protected":false},"excerpt":{"rendered":"<p>Przypony do po\u0142owu tzw. Feederem z koszyczkiem zan\u0119towym. Ostre i mocne haki gwarantuj\u0105 udany hol nawet z wi\u0119kszej odleg\u0142o\u015bci. \u015awietny wyb\u00f3r pod mniejsze przyn\u0119ty ro\u015blinne jak i zwierz\u0119ce.<\/p>\n","protected":false},"featured_media":2007,"template":"","meta":[],"product_brand":[22],"product_cat":[68,205,19],"product_tag":[],"class_list":{"0":"post-1844","1":"product","2":"type-product","3":"status-publish","4":"has-post-thumbnail","6":"product_brand-mikado","7":"product_cat-gotowe-przypony","8":"product_cat-haczyki-gotowe-przypony","9":"product_cat-grunt","11":"first","12":"instock","13":"shipping-taxable","14":"purchasable","15":"product-type-variable"},"_links":{"self":[{"href":"https:\/\/kotlinafishing.pl\/index.php?rest_route=\/wp\/v2\/product\/1844","targetHints":{"allow":["GET"]}}],"collection":[{"href":"https:\/\/kotlinafishing.pl\/index.php?rest_route=\/wp\/v2\/product"}],"about":[{"href":"https:\/\/kotlinafishing.pl\/index.php?rest_route=\/wp\/v2\/types\/product"}],"wp:featuredmedia":[{"embeddable":true,"href":"https:\/\/kotlinafishing.pl\/index.php?rest_route=\/wp\/v2\/media\/2007"}],"wp:attachment":[{"href":"https:\/\/kotlinafishing.pl\/index.php?rest_route=%2Fwp%2Fv2%2Fmedia&parent=1844"}],"wp:term":[{"taxonomy":"product_brand","embeddable":true,"href":"https:\/\/kotlinafishing.pl\/index.php?rest_route=%2Fwp%2Fv2%2Fproduct_brand&post=1844"},{"taxonomy":"product_cat","embeddable":true,"href":"https:\/\/kotlinafishing.pl\/index.php?rest_route=%2Fwp%2Fv2%2Fproduct_cat&post=1844"},{"taxonomy":"product_tag","embeddable":true,"href":"https:\/\/kotlinafishing.pl\/index.php?rest_route=%2Fwp%2Fv2%2Fproduct_tag&post=1844"}],"curies":[{"name":"wp","href":"https:\/\/api.w.org\/{rel}","templated":true}]}}