{"id":1833,"date":"2025-11-07T17:04:51","date_gmt":"2025-11-07T16:04:51","guid":{"rendered":"http:\/\/kotlinafishing.pl\/?post_type=product&#038;p=1833"},"modified":"2026-03-28T10:14:47","modified_gmt":"2026-03-28T09:14:47","slug":"przypony-mikado-keiryu-70cm-op-8szt-z-zadziorem","status":"publish","type":"product","link":"https:\/\/kotlinafishing.pl\/?product=przypony-mikado-keiryu-70cm-op-8szt-z-zadziorem","title":{"rendered":"Przypony Mikado Keiryu 70cm op. 8szt. (z zadziorem)"},"content":{"rendered":"<p>Uniwersalne, gotowe przyponu do po\u0142owu \u015bredniej wielko\u015bci ryb karpiowatych, takich jak p\u0142ocie, leszcze, karasie, na przyn\u0119ty typu kanapka, czyli np. robak z kukurydz\u0105.<\/p>\n<p>Pakowane po <strong>8szt.<\/strong><\/p>\n","protected":false},"excerpt":{"rendered":"<p>Uniwersalne, gotowe przyponu do po\u0142owu \u015bredniej wielko\u015bci ryb karpiowatych, takich jak p\u0142ocie, leszcze, karasie, na przyn\u0119ty typu kanapka, czyli np. robak z kukurydz\u0105.<\/p>\n","protected":false},"featured_media":2013,"template":"","meta":[],"product_brand":[22],"product_cat":[68,205,19],"product_tag":[],"class_list":{"0":"post-1833","1":"product","2":"type-product","3":"status-publish","4":"has-post-thumbnail","6":"product_brand-mikado","7":"product_cat-gotowe-przypony","8":"product_cat-haczyki-gotowe-przypony","9":"product_cat-grunt","11":"first","12":"instock","13":"shipping-taxable","14":"purchasable","15":"product-type-variable"},"_links":{"self":[{"href":"https:\/\/kotlinafishing.pl\/index.php?rest_route=\/wp\/v2\/product\/1833","targetHints":{"allow":["GET"]}}],"collection":[{"href":"https:\/\/kotlinafishing.pl\/index.php?rest_route=\/wp\/v2\/product"}],"about":[{"href":"https:\/\/kotlinafishing.pl\/index.php?rest_route=\/wp\/v2\/types\/product"}],"wp:featuredmedia":[{"embeddable":true,"href":"https:\/\/kotlinafishing.pl\/index.php?rest_route=\/wp\/v2\/media\/2013"}],"wp:attachment":[{"href":"https:\/\/kotlinafishing.pl\/index.php?rest_route=%2Fwp%2Fv2%2Fmedia&parent=1833"}],"wp:term":[{"taxonomy":"product_brand","embeddable":true,"href":"https:\/\/kotlinafishing.pl\/index.php?rest_route=%2Fwp%2Fv2%2Fproduct_brand&post=1833"},{"taxonomy":"product_cat","embeddable":true,"href":"https:\/\/kotlinafishing.pl\/index.php?rest_route=%2Fwp%2Fv2%2Fproduct_cat&post=1833"},{"taxonomy":"product_tag","embeddable":true,"href":"https:\/\/kotlinafishing.pl\/index.php?rest_route=%2Fwp%2Fv2%2Fproduct_tag&post=1833"}],"curies":[{"name":"wp","href":"https:\/\/api.w.org\/{rel}","templated":true}]}}