{"id":1819,"date":"2025-11-07T16:48:21","date_gmt":"2025-11-07T15:48:21","guid":{"rendered":"http:\/\/kotlinafishing.pl\/?post_type=product&#038;p=1819"},"modified":"2026-03-28T10:18:48","modified_gmt":"2026-03-28T09:18:48","slug":"1819","status":"publish","type":"product","link":"https:\/\/kotlinafishing.pl\/?product=1819","title":{"rendered":"Przypony Preston Banded Hair Rig 10cm op. 8szt (bez zadziora)"},"content":{"rendered":"<p>Gotowe przypony <b>Preston Banded Hair Rig<\/b> to jeden z najpopularniejszych i najbardziej zaufanych zestaw\u00f3w dla w\u0119dkarzy \u0142owi\u0105cych metod\u0105 (Method Feeder) na \u0142owiskach komercyjnych. Zapewniaj\u0105 szybko\u015b\u0107, precyzj\u0119 i wyczynow\u0105 jako\u015b\u0107.<\/p>\n<p>&nbsp;<\/p>\n<h4>Kluczowe Cechy<\/h4>\n<ul>\n<li><b>D\u0142ugo\u015b\u0107 10 cm (4\u201d):<\/b> Optymalna i kr\u00f3tka d\u0142ugo\u015b\u0107, idealna do \u0142owienia na Method Feeder, gwarantuj\u0105ca, \u017ce przyn\u0119ta zawsze znajdzie si\u0119 w idealnym punkcie tu\u017c przy koszyku z zan\u0119t\u0105.<\/li>\n<li><b>Mocowanie na Gumk\u0119 (Banded):<\/b> Przypony zako\u0144czone s\u0105 <b>elastyczn\u0105 lateksow\u0105 gumk\u0105 (Bait Band)<\/b> na w\u0142osie. Umo\u017cliwia to <b>b\u0142yskawiczne mocowanie<\/b> pellet\u00f3w i dumbells\u00f3w bez potrzeby u\u017cycia ig\u0142y \u2013 wystarczy naci\u0105gn\u0105\u0107 gumk\u0119 na przyn\u0119t\u0119.<\/li>\n<li><b>Haki Preston:<\/b> Zastosowano mocne, kute haki\u00a0<b>MCM-B<\/b>, kt\u00f3re gwarantuj\u0105 pewne zaci\u0119cie i bezpiecze\u0144stwo holu.<\/li>\n<li><b>Bezzadziorowe (Barbless):<\/b> Haki s\u0105 <b>bezzadziorowe<\/b>, zgodnie ze standardami wi\u0119kszo\u015bci \u0142owisk komercyjnych, zapewniaj\u0105c maksymaln\u0105 ochron\u0119 i \u0142atwe uwalnianie ryb.<\/li>\n<li><b>\u017by\u0142ka Reflo Power:<\/b> Przypony wi\u0105zane s\u0105 na s\u0142ynnej \u017cy\u0142ce <b>Preston Reflo Power<\/b> \u2013 cenionej za swoj\u0105 wytrzyma\u0142o\u015b\u0107, precyzyjn\u0105 \u015brednic\u0119 i niezawodno\u015b\u0107.<\/li>\n<li><b>System Mag Store Ready:<\/b> Przypony umieszczone s\u0105 na sztywnych drabinkach (Rig Stick), kt\u00f3re s\u0105 gotowe do szybkiego przeniesienia i przechowywania w innowacyjnym systemie <b>Preston Mag Store System<\/b>.<\/li>\n<\/ul>\n<p>&nbsp;<\/p>\n<h4>Specyfikacja Zestawu<\/h4>\n<ul>\n<li><b>D\u0142ugo\u015b\u0107:<\/b> 10 cm.<\/li>\n<li><b>Rodzaj W\u0142osa:<\/b> Gumka (Bait Band).<\/li>\n<li><b>Haki:<\/b> Bezzadziorowe.<\/li>\n<li><b>Ilo\u015b\u0107 w opakowaniu:<\/b> 8 sztuk.<\/li>\n<\/ul>\n<p>Wybierz <b>Preston Banded Hair Rig Barbless 10cm<\/b>, je\u015bli stawiasz na najwy\u017csz\u0105 jako\u015b\u0107, szybko\u015b\u0107 zbrojenia i niezawodno\u015b\u0107 podczas w\u0119dkowania metod\u0105 feeder.<\/p>\n","protected":false},"excerpt":{"rendered":"<p>Gotowe przypony <b>Preston Banded Hair Rig<\/b> to jeden z najpopularniejszych i najbardziej zaufanych zestaw\u00f3w dla w\u0119dkarzy \u0142owi\u0105cych metod\u0105 (Method Feeder) na \u0142owiskach komercyjnych. Zapewniaj\u0105 szybko\u015b\u0107, precyzj\u0119 i wyczynow\u0105 jako\u015b\u0107.<\/p>\n","protected":false},"featured_media":0,"template":"","meta":[],"product_brand":[108],"product_cat":[68,205,19],"product_tag":[],"class_list":{"0":"post-1819","1":"product","2":"type-product","3":"status-publish","5":"product_brand-preston","6":"product_cat-gotowe-przypony","7":"product_cat-haczyki-gotowe-przypony","8":"product_cat-grunt","10":"first","11":"instock","12":"shipping-taxable","13":"purchasable","14":"product-type-variable"},"_links":{"self":[{"href":"https:\/\/kotlinafishing.pl\/index.php?rest_route=\/wp\/v2\/product\/1819","targetHints":{"allow":["GET"]}}],"collection":[{"href":"https:\/\/kotlinafishing.pl\/index.php?rest_route=\/wp\/v2\/product"}],"about":[{"href":"https:\/\/kotlinafishing.pl\/index.php?rest_route=\/wp\/v2\/types\/product"}],"wp:attachment":[{"href":"https:\/\/kotlinafishing.pl\/index.php?rest_route=%2Fwp%2Fv2%2Fmedia&parent=1819"}],"wp:term":[{"taxonomy":"product_brand","embeddable":true,"href":"https:\/\/kotlinafishing.pl\/index.php?rest_route=%2Fwp%2Fv2%2Fproduct_brand&post=1819"},{"taxonomy":"product_cat","embeddable":true,"href":"https:\/\/kotlinafishing.pl\/index.php?rest_route=%2Fwp%2Fv2%2Fproduct_cat&post=1819"},{"taxonomy":"product_tag","embeddable":true,"href":"https:\/\/kotlinafishing.pl\/index.php?rest_route=%2Fwp%2Fv2%2Fproduct_tag&post=1819"}],"curies":[{"name":"wp","href":"https:\/\/api.w.org\/{rel}","templated":true}]}}