{"id":1782,"date":"2025-11-04T16:16:30","date_gmt":"2025-11-04T15:16:30","guid":{"rendered":"http:\/\/kotlinafishing.pl\/?post_type=product&#038;p=1782"},"modified":"2026-03-28T10:41:01","modified_gmt":"2026-03-28T09:41:01","slug":"przypony-method-feeder-mikado-mf13-zylka-igla-z-zadziorem","status":"publish","type":"product","link":"https:\/\/kotlinafishing.pl\/?product=przypony-method-feeder-mikado-mf13-zylka-igla-z-zadziorem","title":{"rendered":"Przypony Method Feeder Mikado MF13 \/ \u017cy\u0142ka \/ ig\u0142a (z zadziorem)"},"content":{"rendered":"<p>Profesjonalne przypony do techniki Method Feeder, wyko\u0144czone piekielnie ostrym hakiem MF13, najwy\u017cszej klasy \u017cy\u0142k\u0105 i ig\u0142\u0105 do monta\u017cu przyn\u0119ty.<\/p>\n<p><strong>D\u0142ugo\u015b\u0107:<\/strong> 10cm<\/p>\n","protected":false},"excerpt":{"rendered":"<p>Profesjonalne przypony do techniki Method Feeder, wyko\u0144czone piekielnie ostrym hakiem MF13, najwy\u017cszej klasy \u017cy\u0142k\u0105 i ig\u0142\u0105 do monta\u017cu przyn\u0119ty.<\/p>\n","protected":false},"featured_media":1792,"template":"","meta":[],"product_brand":[22],"product_cat":[68,205,19],"product_tag":[],"class_list":{"0":"post-1782","1":"product","2":"type-product","3":"status-publish","4":"has-post-thumbnail","6":"product_brand-mikado","7":"product_cat-gotowe-przypony","8":"product_cat-haczyki-gotowe-przypony","9":"product_cat-grunt","11":"first","12":"instock","13":"shipping-taxable","14":"purchasable","15":"product-type-variable"},"_links":{"self":[{"href":"https:\/\/kotlinafishing.pl\/index.php?rest_route=\/wp\/v2\/product\/1782","targetHints":{"allow":["GET"]}}],"collection":[{"href":"https:\/\/kotlinafishing.pl\/index.php?rest_route=\/wp\/v2\/product"}],"about":[{"href":"https:\/\/kotlinafishing.pl\/index.php?rest_route=\/wp\/v2\/types\/product"}],"wp:featuredmedia":[{"embeddable":true,"href":"https:\/\/kotlinafishing.pl\/index.php?rest_route=\/wp\/v2\/media\/1792"}],"wp:attachment":[{"href":"https:\/\/kotlinafishing.pl\/index.php?rest_route=%2Fwp%2Fv2%2Fmedia&parent=1782"}],"wp:term":[{"taxonomy":"product_brand","embeddable":true,"href":"https:\/\/kotlinafishing.pl\/index.php?rest_route=%2Fwp%2Fv2%2Fproduct_brand&post=1782"},{"taxonomy":"product_cat","embeddable":true,"href":"https:\/\/kotlinafishing.pl\/index.php?rest_route=%2Fwp%2Fv2%2Fproduct_cat&post=1782"},{"taxonomy":"product_tag","embeddable":true,"href":"https:\/\/kotlinafishing.pl\/index.php?rest_route=%2Fwp%2Fv2%2Fproduct_tag&post=1782"}],"curies":[{"name":"wp","href":"https:\/\/api.w.org\/{rel}","templated":true}]}}