{"id":1778,"date":"2025-11-04T16:12:31","date_gmt":"2025-11-04T15:12:31","guid":{"rendered":"http:\/\/kotlinafishing.pl\/?post_type=product&#038;p=1778"},"modified":"2026-03-28T10:43:35","modified_gmt":"2026-03-28T09:43:35","slug":"przypony-method-feeder-mikado-chinu-zylka-gumka-z-zadziorem","status":"publish","type":"product","link":"https:\/\/kotlinafishing.pl\/?product=przypony-method-feeder-mikado-chinu-zylka-gumka-z-zadziorem","title":{"rendered":"Przypony Method Feeder Mikado Chinu \/ \u017cy\u0142ka \/ gumka (z zadziorem)"},"content":{"rendered":"<p>Najwy\u017cszej klasy przypony dedykowane do po\u0142owu z podajnikiem zan\u0119towym, wyposa\u017cone w ig\u0142\u0119 do szybkiego monta\u017cu przyn\u0119ty. Super mocna \u017cy\u0142ka Toray, oraz piekielnie ostre i wytrzyma\u0142e haki gwarantuj\u0105, \u017ce z ka\u017cdej walki wyjdziesz zwyci\u0119sko.<\/p>\n<p><strong>D\u0142ugo\u015b\u0107:<\/strong> 10cm<\/p>\n","protected":false},"excerpt":{"rendered":"<p>Najwy\u017cszej klasy przypony dedykowane do po\u0142owu z podajnikiem zan\u0119towym, wyposa\u017cone w ig\u0142\u0119 do szybkiego monta\u017cu przyn\u0119ty. Super mocna \u017cy\u0142ka Toray, oraz piekielnie ostre i wytrzyma\u0142e haki gwarantuj\u0105, \u017ce z ka\u017cdej walki wyjdziesz zwyci\u0119sko.<\/p>\n","protected":false},"featured_media":1793,"template":"","meta":[],"product_brand":[22],"product_cat":[68,205,19],"product_tag":[],"class_list":{"0":"post-1778","1":"product","2":"type-product","3":"status-publish","4":"has-post-thumbnail","6":"product_brand-mikado","7":"product_cat-gotowe-przypony","8":"product_cat-haczyki-gotowe-przypony","9":"product_cat-grunt","11":"first","12":"instock","13":"shipping-taxable","14":"purchasable","15":"product-type-variable"},"_links":{"self":[{"href":"https:\/\/kotlinafishing.pl\/index.php?rest_route=\/wp\/v2\/product\/1778","targetHints":{"allow":["GET"]}}],"collection":[{"href":"https:\/\/kotlinafishing.pl\/index.php?rest_route=\/wp\/v2\/product"}],"about":[{"href":"https:\/\/kotlinafishing.pl\/index.php?rest_route=\/wp\/v2\/types\/product"}],"wp:featuredmedia":[{"embeddable":true,"href":"https:\/\/kotlinafishing.pl\/index.php?rest_route=\/wp\/v2\/media\/1793"}],"wp:attachment":[{"href":"https:\/\/kotlinafishing.pl\/index.php?rest_route=%2Fwp%2Fv2%2Fmedia&parent=1778"}],"wp:term":[{"taxonomy":"product_brand","embeddable":true,"href":"https:\/\/kotlinafishing.pl\/index.php?rest_route=%2Fwp%2Fv2%2Fproduct_brand&post=1778"},{"taxonomy":"product_cat","embeddable":true,"href":"https:\/\/kotlinafishing.pl\/index.php?rest_route=%2Fwp%2Fv2%2Fproduct_cat&post=1778"},{"taxonomy":"product_tag","embeddable":true,"href":"https:\/\/kotlinafishing.pl\/index.php?rest_route=%2Fwp%2Fv2%2Fproduct_tag&post=1778"}],"curies":[{"name":"wp","href":"https:\/\/api.w.org\/{rel}","templated":true}]}}