{"id":1773,"date":"2025-11-04T16:07:54","date_gmt":"2025-11-04T15:07:54","guid":{"rendered":"http:\/\/kotlinafishing.pl\/?post_type=product&#038;p=1773"},"modified":"2026-03-28T10:45:31","modified_gmt":"2026-03-28T09:45:31","slug":"przypony-method-feeder-mikado-mf14b-zylka-igla-bez-zadziora","status":"publish","type":"product","link":"https:\/\/kotlinafishing.pl\/?product=przypony-method-feeder-mikado-mf14b-zylka-igla-bez-zadziora","title":{"rendered":"Przypony Method Feeder Mikado MF14B \/ \u017cy\u0142ka \/ ig\u0142a (bez zadziora)"},"content":{"rendered":"<p>Gotowe przypony do Method Feeder, uwi\u0105zane na wzmocnionych i niezwykle ostrych, bezzadziorowych hakach <strong>MF14<\/strong>. Gwarantuj\u0105 pewne trzymanie nawet najwi\u0119kszych okaz\u00f3w. Zako\u0144czone gumk\u0105, ig\u0142\u0105 lub push stopem. Dost\u0119pne w wersji na plecionce lub \u017cy\u0142ce.<\/p>\n<p><strong>D\u0142ugo\u015b\u0107:<\/strong> 10cm<\/p>\n","protected":false},"excerpt":{"rendered":"<p>Gotowe przypony do Method Feeder, uwi\u0105zane na wzmocnionych i niezwykle ostrych, bezzadziorowych hakach <strong>MF14<\/strong>. Gwarantuj\u0105 pewne trzymanie nawet najwi\u0119kszych okaz\u00f3w. Zako\u0144czone gumk\u0105, ig\u0142\u0105 lub push stopem. Dost\u0119pne w wersji na plecionce lub \u017cy\u0142ce.<\/p>\n<p><strong>D\u0142ugo\u015b\u0107:<\/strong> 10cm<\/p>\n","protected":false},"featured_media":1794,"template":"","meta":[],"product_brand":[22],"product_cat":[68,205,19],"product_tag":[],"class_list":{"0":"post-1773","1":"product","2":"type-product","3":"status-publish","4":"has-post-thumbnail","6":"product_brand-mikado","7":"product_cat-gotowe-przypony","8":"product_cat-haczyki-gotowe-przypony","9":"product_cat-grunt","11":"first","12":"instock","13":"shipping-taxable","14":"purchasable","15":"product-type-variable"},"_links":{"self":[{"href":"https:\/\/kotlinafishing.pl\/index.php?rest_route=\/wp\/v2\/product\/1773","targetHints":{"allow":["GET"]}}],"collection":[{"href":"https:\/\/kotlinafishing.pl\/index.php?rest_route=\/wp\/v2\/product"}],"about":[{"href":"https:\/\/kotlinafishing.pl\/index.php?rest_route=\/wp\/v2\/types\/product"}],"wp:featuredmedia":[{"embeddable":true,"href":"https:\/\/kotlinafishing.pl\/index.php?rest_route=\/wp\/v2\/media\/1794"}],"wp:attachment":[{"href":"https:\/\/kotlinafishing.pl\/index.php?rest_route=%2Fwp%2Fv2%2Fmedia&parent=1773"}],"wp:term":[{"taxonomy":"product_brand","embeddable":true,"href":"https:\/\/kotlinafishing.pl\/index.php?rest_route=%2Fwp%2Fv2%2Fproduct_brand&post=1773"},{"taxonomy":"product_cat","embeddable":true,"href":"https:\/\/kotlinafishing.pl\/index.php?rest_route=%2Fwp%2Fv2%2Fproduct_cat&post=1773"},{"taxonomy":"product_tag","embeddable":true,"href":"https:\/\/kotlinafishing.pl\/index.php?rest_route=%2Fwp%2Fv2%2Fproduct_tag&post=1773"}],"curies":[{"name":"wp","href":"https:\/\/api.w.org\/{rel}","templated":true}]}}