{"id":1770,"date":"2025-11-04T16:02:41","date_gmt":"2025-11-04T15:02:41","guid":{"rendered":"http:\/\/kotlinafishing.pl\/?post_type=product&#038;p=1770"},"modified":"2026-03-28T10:47:47","modified_gmt":"2026-03-28T09:47:47","slug":"przypony-method-feeder-mikado-chinu-plecionka-igla-z-zadziorem","status":"publish","type":"product","link":"https:\/\/kotlinafishing.pl\/?product=przypony-method-feeder-mikado-chinu-plecionka-igla-z-zadziorem","title":{"rendered":"Przypony Method Feeder Mikado Chinu \/ plecionka \/ ig\u0142a (z zadziorem)"},"content":{"rendered":"<p>Profesjonalne przypony Method Feeder zawi\u0105zane na mi\u0119kkiej i mocnej plecionka <strong>Mikado Fine Braid<\/strong> z hakami, wyposa\u017cone w ig\u0142\u0119 do szybkiego monta\u017cu przyn\u0119ty. Gotowe zestawy dedykowane po\u0142owom wi\u0119kszych ryb, szczeg\u00f3lnie na \u0142owiskach komercyjnych.<\/p>\n<p><strong>D\u0142ugo\u015b\u0107:<\/strong> 10cm<\/p>\n","protected":false},"excerpt":{"rendered":"<p>Profesjonalne przypony Method Feeder zawi\u0105zane na mi\u0119kkiej i mocnej plecionka <strong>Mikado Fine Braid<\/strong> z hakami, wyposa\u017cone w ig\u0142\u0119 do szybkiego monta\u017cu przyn\u0119ty. Gotowe zestawy dedykowane po\u0142owom wi\u0119kszych ryb, szczeg\u00f3lnie na \u0142owiskach komercyjnych.<\/p>\n","protected":false},"featured_media":1795,"template":"","meta":[],"product_brand":[22],"product_cat":[68,205,19],"product_tag":[],"class_list":{"0":"post-1770","1":"product","2":"type-product","3":"status-publish","4":"has-post-thumbnail","6":"product_brand-mikado","7":"product_cat-gotowe-przypony","8":"product_cat-haczyki-gotowe-przypony","9":"product_cat-grunt","11":"first","12":"outofstock","13":"shipping-taxable","14":"purchasable","15":"product-type-variable"},"_links":{"self":[{"href":"https:\/\/kotlinafishing.pl\/index.php?rest_route=\/wp\/v2\/product\/1770","targetHints":{"allow":["GET"]}}],"collection":[{"href":"https:\/\/kotlinafishing.pl\/index.php?rest_route=\/wp\/v2\/product"}],"about":[{"href":"https:\/\/kotlinafishing.pl\/index.php?rest_route=\/wp\/v2\/types\/product"}],"wp:featuredmedia":[{"embeddable":true,"href":"https:\/\/kotlinafishing.pl\/index.php?rest_route=\/wp\/v2\/media\/1795"}],"wp:attachment":[{"href":"https:\/\/kotlinafishing.pl\/index.php?rest_route=%2Fwp%2Fv2%2Fmedia&parent=1770"}],"wp:term":[{"taxonomy":"product_brand","embeddable":true,"href":"https:\/\/kotlinafishing.pl\/index.php?rest_route=%2Fwp%2Fv2%2Fproduct_brand&post=1770"},{"taxonomy":"product_cat","embeddable":true,"href":"https:\/\/kotlinafishing.pl\/index.php?rest_route=%2Fwp%2Fv2%2Fproduct_cat&post=1770"},{"taxonomy":"product_tag","embeddable":true,"href":"https:\/\/kotlinafishing.pl\/index.php?rest_route=%2Fwp%2Fv2%2Fproduct_tag&post=1770"}],"curies":[{"name":"wp","href":"https:\/\/api.w.org\/{rel}","templated":true}]}}