{"id":1740,"date":"2025-11-03T17:01:45","date_gmt":"2025-11-03T16:01:45","guid":{"rendered":"http:\/\/kotlinafishing.pl\/?post_type=product&#038;p=1740"},"modified":"2025-12-20T20:12:37","modified_gmt":"2025-12-20T19:12:37","slug":"podporka-blue-002-lorpio","status":"publish","type":"product","link":"https:\/\/kotlinafishing.pl\/?product=podporka-blue-002-lorpio","title":{"rendered":"Podp\u00f3rka Blue 002 Lorpio"},"content":{"rendered":"<p>Wysokiej jako\u015bci podp\u00f3rka pod w\u0119dk\u0119 marki Lorpio.<\/p>\n","protected":false},"excerpt":{"rendered":"<p>Wysokiej jako\u015bci podp\u00f3rka pod w\u0119dk\u0119 marki Lorpio.<\/p>\n","protected":false},"featured_media":2368,"template":"","meta":[],"product_brand":[23],"product_cat":[89,85,19],"product_tag":[],"class_list":{"0":"post-1740","1":"product","2":"type-product","3":"status-publish","4":"has-post-thumbnail","6":"product_brand-lorpio","7":"product_cat-podporki","8":"product_cat-stanowisko-wedkarskie","9":"product_cat-grunt","11":"first","12":"instock","13":"shipping-taxable","14":"purchasable","15":"product-type-simple"},"_links":{"self":[{"href":"https:\/\/kotlinafishing.pl\/index.php?rest_route=\/wp\/v2\/product\/1740","targetHints":{"allow":["GET"]}}],"collection":[{"href":"https:\/\/kotlinafishing.pl\/index.php?rest_route=\/wp\/v2\/product"}],"about":[{"href":"https:\/\/kotlinafishing.pl\/index.php?rest_route=\/wp\/v2\/types\/product"}],"wp:featuredmedia":[{"embeddable":true,"href":"https:\/\/kotlinafishing.pl\/index.php?rest_route=\/wp\/v2\/media\/2368"}],"wp:attachment":[{"href":"https:\/\/kotlinafishing.pl\/index.php?rest_route=%2Fwp%2Fv2%2Fmedia&parent=1740"}],"wp:term":[{"taxonomy":"product_brand","embeddable":true,"href":"https:\/\/kotlinafishing.pl\/index.php?rest_route=%2Fwp%2Fv2%2Fproduct_brand&post=1740"},{"taxonomy":"product_cat","embeddable":true,"href":"https:\/\/kotlinafishing.pl\/index.php?rest_route=%2Fwp%2Fv2%2Fproduct_cat&post=1740"},{"taxonomy":"product_tag","embeddable":true,"href":"https:\/\/kotlinafishing.pl\/index.php?rest_route=%2Fwp%2Fv2%2Fproduct_tag&post=1740"}],"curies":[{"name":"wp","href":"https:\/\/api.w.org\/{rel}","templated":true}]}}