{"id":1734,"date":"2025-11-03T16:34:43","date_gmt":"2025-11-03T15:34:43","guid":{"rendered":"http:\/\/kotlinafishing.pl\/?post_type=product&#038;p=1734"},"modified":"2025-11-03T19:59:42","modified_gmt":"2025-11-03T18:59:42","slug":"splawik-pellet-waggler-mikado-012-6g","status":"publish","type":"product","link":"https:\/\/kotlinafishing.pl\/?product=splawik-pellet-waggler-mikado-012-6g","title":{"rendered":"Sp\u0142awik Pellet Waggler Mikado 012 6g"},"content":{"rendered":"<p>Specjalistyczny rodzaj sp\u0142awika typu waggler przeznaczony do aktywnego po\u0142owu karpi na pellety. Dzi\u0119ki w\u0142asnemu wywa\u017ceniu, sp\u0142awik nie wymaga dodatkowego obci\u0105\u017cenia i umo\u017cliwia w\u0119dkowanie metod\u0105 opadu w smudze zan\u0119ty.<\/p>\n","protected":false},"excerpt":{"rendered":"<p>Specjalistyczny rodzaj sp\u0142awika typu waggler przeznaczony do aktywnego po\u0142owu karpi na pellety. Dzi\u0119ki w\u0142asnemu wywa\u017ceniu, sp\u0142awik nie wymaga dodatkowego obci\u0105\u017cenia i umo\u017cliwia w\u0119dkowanie metod\u0105 opadu w smudze zan\u0119ty.<\/p>\n","protected":false},"featured_media":1755,"template":"","meta":[],"product_brand":[22],"product_cat":[206,116,18],"product_tag":[],"class_list":{"0":"post-1734","1":"product","2":"type-product","3":"status-publish","4":"has-post-thumbnail","6":"product_brand-mikado","7":"product_cat-pellet-wagglery","8":"product_cat-splawiki","9":"product_cat-splawik","11":"first","12":"instock","13":"shipping-taxable","14":"purchasable","15":"product-type-simple"},"_links":{"self":[{"href":"https:\/\/kotlinafishing.pl\/index.php?rest_route=\/wp\/v2\/product\/1734","targetHints":{"allow":["GET"]}}],"collection":[{"href":"https:\/\/kotlinafishing.pl\/index.php?rest_route=\/wp\/v2\/product"}],"about":[{"href":"https:\/\/kotlinafishing.pl\/index.php?rest_route=\/wp\/v2\/types\/product"}],"wp:featuredmedia":[{"embeddable":true,"href":"https:\/\/kotlinafishing.pl\/index.php?rest_route=\/wp\/v2\/media\/1755"}],"wp:attachment":[{"href":"https:\/\/kotlinafishing.pl\/index.php?rest_route=%2Fwp%2Fv2%2Fmedia&parent=1734"}],"wp:term":[{"taxonomy":"product_brand","embeddable":true,"href":"https:\/\/kotlinafishing.pl\/index.php?rest_route=%2Fwp%2Fv2%2Fproduct_brand&post=1734"},{"taxonomy":"product_cat","embeddable":true,"href":"https:\/\/kotlinafishing.pl\/index.php?rest_route=%2Fwp%2Fv2%2Fproduct_cat&post=1734"},{"taxonomy":"product_tag","embeddable":true,"href":"https:\/\/kotlinafishing.pl\/index.php?rest_route=%2Fwp%2Fv2%2Fproduct_tag&post=1734"}],"curies":[{"name":"wp","href":"https:\/\/api.w.org\/{rel}","templated":true}]}}