{"id":1733,"date":"2025-11-03T16:33:41","date_gmt":"2025-11-03T15:33:41","guid":{"rendered":"http:\/\/kotlinafishing.pl\/?post_type=product&#038;p=1733"},"modified":"2025-11-03T19:59:30","modified_gmt":"2025-11-03T18:59:30","slug":"splawik-pellet-waggler-mikado-013-10g","status":"publish","type":"product","link":"https:\/\/kotlinafishing.pl\/?product=splawik-pellet-waggler-mikado-013-10g","title":{"rendered":"Sp\u0142awik Pellet Waggler Mikado 013 10g"},"content":{"rendered":"<p><strong>Pellet Waggler 013<\/strong> to wykonany w Polsce sp\u0142awik z balsy, przeznaczony do nowoczesnych technik po\u0142owu karpi. Sp\u0142awiki te posiadaj\u0105 regulowane doci\u0105\u017cenie i talerzyk, kt\u00f3ry przyspiesza wynurzenie oraz powoduje wabi\u0105cy ryby plusk, podczas zarzutu zestawu.<\/p>\n","protected":false},"excerpt":{"rendered":"<p><strong>Pellet Waggler 013<\/strong> to wykonany w Polsce sp\u0142awik z balsy, przeznaczony do nowoczesnych technik po\u0142owu karpi. Sp\u0142awiki te posiadaj\u0105 regulowane doci\u0105\u017cenie i talerzyk, kt\u00f3ry przyspiesza wynurzenie oraz powoduje wabi\u0105cy ryby plusk, podczas zarzutu zestawu.<\/p>\n","protected":false},"featured_media":1756,"template":"","meta":[],"product_brand":[22],"product_cat":[206,116,18],"product_tag":[],"class_list":{"0":"post-1733","1":"product","2":"type-product","3":"status-publish","4":"has-post-thumbnail","6":"product_brand-mikado","7":"product_cat-pellet-wagglery","8":"product_cat-splawiki","9":"product_cat-splawik","11":"first","12":"instock","13":"shipping-taxable","14":"purchasable","15":"product-type-simple"},"_links":{"self":[{"href":"https:\/\/kotlinafishing.pl\/index.php?rest_route=\/wp\/v2\/product\/1733","targetHints":{"allow":["GET"]}}],"collection":[{"href":"https:\/\/kotlinafishing.pl\/index.php?rest_route=\/wp\/v2\/product"}],"about":[{"href":"https:\/\/kotlinafishing.pl\/index.php?rest_route=\/wp\/v2\/types\/product"}],"wp:featuredmedia":[{"embeddable":true,"href":"https:\/\/kotlinafishing.pl\/index.php?rest_route=\/wp\/v2\/media\/1756"}],"wp:attachment":[{"href":"https:\/\/kotlinafishing.pl\/index.php?rest_route=%2Fwp%2Fv2%2Fmedia&parent=1733"}],"wp:term":[{"taxonomy":"product_brand","embeddable":true,"href":"https:\/\/kotlinafishing.pl\/index.php?rest_route=%2Fwp%2Fv2%2Fproduct_brand&post=1733"},{"taxonomy":"product_cat","embeddable":true,"href":"https:\/\/kotlinafishing.pl\/index.php?rest_route=%2Fwp%2Fv2%2Fproduct_cat&post=1733"},{"taxonomy":"product_tag","embeddable":true,"href":"https:\/\/kotlinafishing.pl\/index.php?rest_route=%2Fwp%2Fv2%2Fproduct_tag&post=1733"}],"curies":[{"name":"wp","href":"https:\/\/api.w.org\/{rel}","templated":true}]}}