{"id":1727,"date":"2025-11-03T16:26:51","date_gmt":"2025-11-03T15:26:51","guid":{"rendered":"http:\/\/kotlinafishing.pl\/?post_type=product&#038;p=1727"},"modified":"2026-02-20T19:13:40","modified_gmt":"2026-02-20T18:13:40","slug":"zestaw-method-feeder-in-line-flat-small-drennan-15g","status":"publish","type":"product","link":"https:\/\/kotlinafishing.pl\/?product=zestaw-method-feeder-in-line-flat-small-drennan-15g","title":{"rendered":"Zestaw Method Feeder In-Line Flat Small Drennan 15g"},"content":{"rendered":"<p>Zestaw method feeder podajnik, \u0142\u0105cznik i foremka. Wysoka jako\u015b\u0107 z kt\u00f3rej s\u0142ynie firma Drennan.<\/p>\n<p><strong>Rozmiar:<\/strong> small<\/p>\n<p><strong>Gramatura:<\/strong> 15g<\/p>\n","protected":false},"excerpt":{"rendered":"<p>Zestaw method feeder podajnik, \u0142\u0105cznik i foremka. Wysoka jako\u015b\u0107 z kt\u00f3rej s\u0142ynie firma Drennan.<\/p>\n<p><strong>Rozmiar:<\/strong> small<\/p>\n<p><strong>Gramatura:<\/strong> 15g<\/p>\n","protected":false},"featured_media":2969,"template":"","meta":[],"product_brand":[31],"product_cat":[34,19,58],"product_tag":[],"class_list":{"0":"post-1727","1":"product","2":"type-product","3":"status-publish","4":"has-post-thumbnail","6":"product_brand-drennan","7":"product_cat-koszyczki-podajniki-foremki","8":"product_cat-grunt","9":"product_cat-zestawy-koszyczki-podajniki-foremki","11":"first","12":"instock","13":"shipping-taxable","14":"purchasable","15":"product-type-simple"},"_links":{"self":[{"href":"https:\/\/kotlinafishing.pl\/index.php?rest_route=\/wp\/v2\/product\/1727","targetHints":{"allow":["GET"]}}],"collection":[{"href":"https:\/\/kotlinafishing.pl\/index.php?rest_route=\/wp\/v2\/product"}],"about":[{"href":"https:\/\/kotlinafishing.pl\/index.php?rest_route=\/wp\/v2\/types\/product"}],"wp:featuredmedia":[{"embeddable":true,"href":"https:\/\/kotlinafishing.pl\/index.php?rest_route=\/wp\/v2\/media\/2969"}],"wp:attachment":[{"href":"https:\/\/kotlinafishing.pl\/index.php?rest_route=%2Fwp%2Fv2%2Fmedia&parent=1727"}],"wp:term":[{"taxonomy":"product_brand","embeddable":true,"href":"https:\/\/kotlinafishing.pl\/index.php?rest_route=%2Fwp%2Fv2%2Fproduct_brand&post=1727"},{"taxonomy":"product_cat","embeddable":true,"href":"https:\/\/kotlinafishing.pl\/index.php?rest_route=%2Fwp%2Fv2%2Fproduct_cat&post=1727"},{"taxonomy":"product_tag","embeddable":true,"href":"https:\/\/kotlinafishing.pl\/index.php?rest_route=%2Fwp%2Fv2%2Fproduct_tag&post=1727"}],"curies":[{"name":"wp","href":"https:\/\/api.w.org\/{rel}","templated":true}]}}