{"id":1722,"date":"2025-11-03T16:02:47","date_gmt":"2025-11-03T15:02:47","guid":{"rendered":"http:\/\/kotlinafishing.pl\/?post_type=product&#038;p=1722"},"modified":"2025-11-03T20:09:47","modified_gmt":"2025-11-03T19:09:47","slug":"gumki-do-mocowania-przynet-6mm-matchpro-op-12szt","status":"publish","type":"product","link":"https:\/\/kotlinafishing.pl\/?product=gumki-do-mocowania-przynet-6mm-matchpro-op-12szt","title":{"rendered":"Gumki do mocowania przyn\u0119t 6mm MatchPro. (op. 12szt.)"},"content":{"rendered":"<p>Zestaw gumek s\u0142u\u017c\u0105cych do monta\u017cu przyn\u0119t na haczyku. Rewelacyjne rozwi\u0105zanie do pelletu podczas \u0142owienia na method\u0119.<\/p>\n<p>Pakowane\u00a0po<strong> 20 sztuk.<\/strong><\/p>\n","protected":false},"excerpt":{"rendered":"<p>Zestaw gumek s\u0142u\u017c\u0105cych do monta\u017cu przyn\u0119t na haczyku. Rewelacyjne rozwi\u0105zanie do pelletu podczas \u0142owienia na method\u0119.<\/p>\n<p>Pakowane\u00a0po<strong> 20 sztuk.<\/strong><\/p>\n","protected":false},"featured_media":1763,"template":"","meta":[],"product_brand":[24],"product_cat":[70,78,19],"product_tag":[],"class_list":{"0":"post-1722","1":"product","2":"type-product","3":"status-publish","4":"has-post-thumbnail","6":"product_brand-matchpro","7":"product_cat-akcesoria","8":"product_cat-gumki-do-przynet-rozwieracze","9":"product_cat-grunt","11":"first","12":"instock","13":"shipping-taxable","14":"purchasable","15":"product-type-simple"},"_links":{"self":[{"href":"https:\/\/kotlinafishing.pl\/index.php?rest_route=\/wp\/v2\/product\/1722","targetHints":{"allow":["GET"]}}],"collection":[{"href":"https:\/\/kotlinafishing.pl\/index.php?rest_route=\/wp\/v2\/product"}],"about":[{"href":"https:\/\/kotlinafishing.pl\/index.php?rest_route=\/wp\/v2\/types\/product"}],"wp:featuredmedia":[{"embeddable":true,"href":"https:\/\/kotlinafishing.pl\/index.php?rest_route=\/wp\/v2\/media\/1763"}],"wp:attachment":[{"href":"https:\/\/kotlinafishing.pl\/index.php?rest_route=%2Fwp%2Fv2%2Fmedia&parent=1722"}],"wp:term":[{"taxonomy":"product_brand","embeddable":true,"href":"https:\/\/kotlinafishing.pl\/index.php?rest_route=%2Fwp%2Fv2%2Fproduct_brand&post=1722"},{"taxonomy":"product_cat","embeddable":true,"href":"https:\/\/kotlinafishing.pl\/index.php?rest_route=%2Fwp%2Fv2%2Fproduct_cat&post=1722"},{"taxonomy":"product_tag","embeddable":true,"href":"https:\/\/kotlinafishing.pl\/index.php?rest_route=%2Fwp%2Fv2%2Fproduct_tag&post=1722"}],"curies":[{"name":"wp","href":"https:\/\/api.w.org\/{rel}","templated":true}]}}