{"id":1721,"date":"2025-11-03T16:00:54","date_gmt":"2025-11-03T15:00:54","guid":{"rendered":"http:\/\/kotlinafishing.pl\/?post_type=product&#038;p=1721"},"modified":"2026-03-28T20:27:17","modified_gmt":"2026-03-28T19:27:17","slug":"stopery-method-feeder-zolte-mikado-op-28szt","status":"publish","type":"product","link":"https:\/\/kotlinafishing.pl\/?product=stopery-method-feeder-zolte-mikado-op-28szt","title":{"rendered":"Stopery pushstop Method Feeder \u017c\u00f3\u0142te Mikado (op. 28szt)"},"content":{"rendered":"<p>Stopery kt\u00f3re u\u0142atwiaj\u0105 zak\u0142adanie przyn\u0119ty na w\u0142os, dzi\u0119ki czemu w bardzo szybkim czasie jeste\u015bmy w stanie zmieni\u0107 rodzaj, wielko\u015b\u0107 czy smak przyn\u0119ty.<\/p>\n<p>Pakowane po <strong>28<\/strong><strong>\u00a0sztuk.<\/strong><\/p>\n","protected":false},"excerpt":{"rendered":"<p>Stopery kt\u00f3re u\u0142atwiaj\u0105 zak\u0142adanie przyn\u0119ty na w\u0142os, dzi\u0119ki czemu w bardzo szybkim czasie jeste\u015bmy w stanie zmieni\u0107 rodzaj, wielko\u015b\u0107 czy smak przyn\u0119ty.<\/p>\n<p>Pakowane po <strong>28<\/strong><strong>\u00a0sztuk.<\/strong><\/p>\n","protected":false},"featured_media":1753,"template":"","meta":[],"product_brand":[22],"product_cat":[78],"product_tag":[],"class_list":{"0":"post-1721","1":"product","2":"type-product","3":"status-publish","4":"has-post-thumbnail","6":"product_brand-mikado","7":"product_cat-gumki-do-przynet-rozwieracze","9":"first","10":"instock","11":"shipping-taxable","12":"purchasable","13":"product-type-simple"},"_links":{"self":[{"href":"https:\/\/kotlinafishing.pl\/index.php?rest_route=\/wp\/v2\/product\/1721","targetHints":{"allow":["GET"]}}],"collection":[{"href":"https:\/\/kotlinafishing.pl\/index.php?rest_route=\/wp\/v2\/product"}],"about":[{"href":"https:\/\/kotlinafishing.pl\/index.php?rest_route=\/wp\/v2\/types\/product"}],"wp:featuredmedia":[{"embeddable":true,"href":"https:\/\/kotlinafishing.pl\/index.php?rest_route=\/wp\/v2\/media\/1753"}],"wp:attachment":[{"href":"https:\/\/kotlinafishing.pl\/index.php?rest_route=%2Fwp%2Fv2%2Fmedia&parent=1721"}],"wp:term":[{"taxonomy":"product_brand","embeddable":true,"href":"https:\/\/kotlinafishing.pl\/index.php?rest_route=%2Fwp%2Fv2%2Fproduct_brand&post=1721"},{"taxonomy":"product_cat","embeddable":true,"href":"https:\/\/kotlinafishing.pl\/index.php?rest_route=%2Fwp%2Fv2%2Fproduct_cat&post=1721"},{"taxonomy":"product_tag","embeddable":true,"href":"https:\/\/kotlinafishing.pl\/index.php?rest_route=%2Fwp%2Fv2%2Fproduct_tag&post=1721"}],"curies":[{"name":"wp","href":"https:\/\/api.w.org\/{rel}","templated":true}]}}