{"id":1719,"date":"2025-11-03T15:55:23","date_gmt":"2025-11-03T14:55:23","guid":{"rendered":"http:\/\/kotlinafishing.pl\/?post_type=product&#038;p=1719"},"modified":"2025-11-03T19:56:50","modified_gmt":"2025-11-03T18:56:50","slug":"igla-bagnet-do-przynet-7mm-mikado-op-10szt","status":"publish","type":"product","link":"https:\/\/kotlinafishing.pl\/?product=igla-bagnet-do-przynet-7mm-mikado-op-10szt","title":{"rendered":"Ig\u0142a, bagnet do przyn\u0119t 7mm Mikado (op. 10szt.)"},"content":{"rendered":"<p>Szybkie i \u0142atwe w u\u017cyciu bagnety do mocowania przyn\u0119t w technikach method feeder lub feeder bomb. Idealne do mi\u0119kkich przyn\u0119t, kt\u00f3re potrafi\u0105 zsuwa\u0107 si\u0119 z innych rodzaj\u00f3w igie\u0142.<\/p>\n","protected":false},"excerpt":{"rendered":"<p>Szybkie i \u0142atwe w u\u017cyciu bagnety do mocowania przyn\u0119t w technikach method feeder lub feeder bomb. Idealne do mi\u0119kkich przyn\u0119t, kt\u00f3re potrafi\u0105 zsuwa\u0107 si\u0119 z innych rodzaj\u00f3w igie\u0142.<\/p>\n","protected":false},"featured_media":1752,"template":"","meta":[],"product_brand":[22],"product_cat":[70,19,79],"product_tag":[],"class_list":{"0":"post-1719","1":"product","2":"type-product","3":"status-publish","4":"has-post-thumbnail","6":"product_brand-mikado","7":"product_cat-akcesoria","8":"product_cat-grunt","9":"product_cat-wkrety-igly-do-montazu-przynet","11":"first","12":"instock","13":"shipping-taxable","14":"purchasable","15":"product-type-simple"},"_links":{"self":[{"href":"https:\/\/kotlinafishing.pl\/index.php?rest_route=\/wp\/v2\/product\/1719","targetHints":{"allow":["GET"]}}],"collection":[{"href":"https:\/\/kotlinafishing.pl\/index.php?rest_route=\/wp\/v2\/product"}],"about":[{"href":"https:\/\/kotlinafishing.pl\/index.php?rest_route=\/wp\/v2\/types\/product"}],"wp:featuredmedia":[{"embeddable":true,"href":"https:\/\/kotlinafishing.pl\/index.php?rest_route=\/wp\/v2\/media\/1752"}],"wp:attachment":[{"href":"https:\/\/kotlinafishing.pl\/index.php?rest_route=%2Fwp%2Fv2%2Fmedia&parent=1719"}],"wp:term":[{"taxonomy":"product_brand","embeddable":true,"href":"https:\/\/kotlinafishing.pl\/index.php?rest_route=%2Fwp%2Fv2%2Fproduct_brand&post=1719"},{"taxonomy":"product_cat","embeddable":true,"href":"https:\/\/kotlinafishing.pl\/index.php?rest_route=%2Fwp%2Fv2%2Fproduct_cat&post=1719"},{"taxonomy":"product_tag","embeddable":true,"href":"https:\/\/kotlinafishing.pl\/index.php?rest_route=%2Fwp%2Fv2%2Fproduct_tag&post=1719"}],"curies":[{"name":"wp","href":"https:\/\/api.w.org\/{rel}","templated":true}]}}