{"id":1714,"date":"2025-11-03T15:53:19","date_gmt":"2025-11-03T14:53:19","guid":{"rendered":"http:\/\/kotlinafishing.pl\/?post_type=product&#038;p=1714"},"modified":"2025-11-03T19:56:03","modified_gmt":"2025-11-03T18:56:03","slug":"ciezarek-feeder-bomb-q-m-f-mikado","status":"publish","type":"product","link":"https:\/\/kotlinafishing.pl\/?product=ciezarek-feeder-bomb-q-m-f-mikado","title":{"rendered":"Ci\u0119\u017carek Feeder Bomb Q.M.F. Mikado"},"content":{"rendered":"<p>Ci\u0119\u017carek przystosowany do techniki Feeder Bomb. Zosta\u0142 zaprojektowany tak, aby by\u0142 kompatybilny z rurk\u0105 QMF, co umo\u017cliwi szybk\u0105 zmian\u0119 gramatury lub techniki po\u0142owu.<\/p>\n","protected":false},"excerpt":{"rendered":"<p>Ci\u0119\u017carek przystosowany do techniki Feeder Bomb. Zosta\u0142 zaprojektowany tak, aby by\u0142 kompatybilny z rurk\u0105 QMF, co umo\u017cliwi szybk\u0105 zmian\u0119 gramatury lub techniki po\u0142owu.<\/p>\n","protected":false},"featured_media":1751,"template":"","meta":[],"product_brand":[22],"product_cat":[56,34,19],"product_tag":[],"class_list":{"0":"post-1714","1":"product","2":"type-product","3":"status-publish","4":"has-post-thumbnail","6":"product_brand-mikado","7":"product_cat-bombki-slow-sinking","8":"product_cat-koszyczki-podajniki-foremki","9":"product_cat-grunt","11":"first","12":"instock","13":"shipping-taxable","14":"purchasable","15":"product-type-variable"},"_links":{"self":[{"href":"https:\/\/kotlinafishing.pl\/index.php?rest_route=\/wp\/v2\/product\/1714","targetHints":{"allow":["GET"]}}],"collection":[{"href":"https:\/\/kotlinafishing.pl\/index.php?rest_route=\/wp\/v2\/product"}],"about":[{"href":"https:\/\/kotlinafishing.pl\/index.php?rest_route=\/wp\/v2\/types\/product"}],"wp:featuredmedia":[{"embeddable":true,"href":"https:\/\/kotlinafishing.pl\/index.php?rest_route=\/wp\/v2\/media\/1751"}],"wp:attachment":[{"href":"https:\/\/kotlinafishing.pl\/index.php?rest_route=%2Fwp%2Fv2%2Fmedia&parent=1714"}],"wp:term":[{"taxonomy":"product_brand","embeddable":true,"href":"https:\/\/kotlinafishing.pl\/index.php?rest_route=%2Fwp%2Fv2%2Fproduct_brand&post=1714"},{"taxonomy":"product_cat","embeddable":true,"href":"https:\/\/kotlinafishing.pl\/index.php?rest_route=%2Fwp%2Fv2%2Fproduct_cat&post=1714"},{"taxonomy":"product_tag","embeddable":true,"href":"https:\/\/kotlinafishing.pl\/index.php?rest_route=%2Fwp%2Fv2%2Fproduct_tag&post=1714"}],"curies":[{"name":"wp","href":"https:\/\/api.w.org\/{rel}","templated":true}]}}