{"id":1711,"date":"2025-11-03T15:48:41","date_gmt":"2025-11-03T14:48:41","guid":{"rendered":"http:\/\/kotlinafishing.pl\/?post_type=product&#038;p=1711"},"modified":"2025-11-03T20:08:31","modified_gmt":"2025-11-03T19:08:31","slug":"szybkozlaczka-q-method-delphin-op-10szt","status":"publish","type":"product","link":"https:\/\/kotlinafishing.pl\/?product=szybkozlaczka-q-method-delphin-op-10szt","title":{"rendered":"Szybkoz\u0142\u0105czka Q-Method Delphin (op. 10szt)"},"content":{"rendered":"<p>Delphin <strong>Q-METHOD<\/strong> jest komponentem do szybkiej wymiany zestawu. Dzi\u0119ki tym sprytnym koralikom mo\u017cesz zmieni\u0107 swoje zestawy w ci\u0105gu sekundy. Chroni r\u00f3wnie\u017c w\u0119ze\u0142 przed uszkodzeniem. To przydatne akcesorium jest przeznaczone g\u0142\u00f3wnie dla tych w\u0119dkarzy, kt\u00f3rzy preferuj\u0105 metod\u0119 feedera. Dost\u0119pny w kolorze ciemnobr\u0105zowym.<\/p>\n<p>&nbsp;<\/p>\n<p>Pakowane po\u00a0<strong>10 sztuk.<\/strong><\/p>\n","protected":false},"excerpt":{"rendered":"<p>Delphin <strong>Q-METHOD<\/strong> jest komponentem do szybkiej wymiany zestawu. Dzi\u0119ki tym sprytnym koralikom mo\u017cesz zmieni\u0107 swoje zestawy w ci\u0105gu sekundy. Chroni r\u00f3wnie\u017c w\u0119ze\u0142 przed uszkodzeniem. To przydatne akcesorium jest przeznaczone g\u0142\u00f3wnie dla tych w\u0119dkarzy, kt\u00f3rzy preferuj\u0105 metod\u0119 feedera. Dost\u0119pny w kolorze ciemnobr\u0105zowym.<\/p>\n","protected":false},"featured_media":1762,"template":"","meta":[],"product_brand":[97],"product_cat":[192,19],"product_tag":[],"class_list":{"0":"post-1711","1":"product","2":"type-product","3":"status-publish","4":"has-post-thumbnail","6":"product_brand-delphin","7":"product_cat-szybkozlaczki-akcesoria","8":"product_cat-grunt","10":"first","11":"instock","12":"shipping-taxable","13":"purchasable","14":"product-type-variable"},"_links":{"self":[{"href":"https:\/\/kotlinafishing.pl\/index.php?rest_route=\/wp\/v2\/product\/1711","targetHints":{"allow":["GET"]}}],"collection":[{"href":"https:\/\/kotlinafishing.pl\/index.php?rest_route=\/wp\/v2\/product"}],"about":[{"href":"https:\/\/kotlinafishing.pl\/index.php?rest_route=\/wp\/v2\/types\/product"}],"wp:featuredmedia":[{"embeddable":true,"href":"https:\/\/kotlinafishing.pl\/index.php?rest_route=\/wp\/v2\/media\/1762"}],"wp:attachment":[{"href":"https:\/\/kotlinafishing.pl\/index.php?rest_route=%2Fwp%2Fv2%2Fmedia&parent=1711"}],"wp:term":[{"taxonomy":"product_brand","embeddable":true,"href":"https:\/\/kotlinafishing.pl\/index.php?rest_route=%2Fwp%2Fv2%2Fproduct_brand&post=1711"},{"taxonomy":"product_cat","embeddable":true,"href":"https:\/\/kotlinafishing.pl\/index.php?rest_route=%2Fwp%2Fv2%2Fproduct_cat&post=1711"},{"taxonomy":"product_tag","embeddable":true,"href":"https:\/\/kotlinafishing.pl\/index.php?rest_route=%2Fwp%2Fv2%2Fproduct_tag&post=1711"}],"curies":[{"name":"wp","href":"https:\/\/api.w.org\/{rel}","templated":true}]}}