{"id":1707,"date":"2025-11-03T15:45:39","date_gmt":"2025-11-03T14:45:39","guid":{"rendered":"http:\/\/kotlinafishing.pl\/?post_type=product&#038;p=1707"},"modified":"2026-03-28T20:28:24","modified_gmt":"2026-03-28T19:28:24","slug":"szybkozlaczka-method-feeder-mf-line-connector-mikado-op-6szt","status":"publish","type":"product","link":"https:\/\/kotlinafishing.pl\/?product=szybkozlaczka-method-feeder-mf-line-connector-mikado-op-6szt","title":{"rendered":"Szybkoz\u0142\u0105czka Method Feeder MF Line Connector Mikado (op. 6szt.)"},"content":{"rendered":"<p>Uniwersalne \u0142\u0105czniki do przypon\u00f3w podczas po\u0142owu z u\u017cyciem podajnik\u00f3w method feeder. \u0141\u0105cznik pozwala na szybk\u0105 wymian\u0119 przypon\u00f3w, bez konieczno\u015bci wykonywania dodatkowych w\u0119z\u0142\u00f3w.<\/p>\n<p>Pakowane po\u00a0<strong>6 sztuk.<\/strong><\/p>\n","protected":false},"excerpt":{"rendered":"<p>Uniwersalne \u0142\u0105czniki do przypon\u00f3w podczas po\u0142owu z u\u017cyciem podajnik\u00f3w method feeder. \u0141\u0105cznik pozwala na szybk\u0105 wymian\u0119 przypon\u00f3w, bez konieczno\u015bci wykonywania dodatkowych w\u0119z\u0142\u00f3w.<\/p>\n<p>Pakowane po\u00a0<strong>6 sztuk.<\/strong><\/p>\n","protected":false},"featured_media":1746,"template":"","meta":[],"product_brand":[22],"product_cat":[70,192,19],"product_tag":[],"class_list":{"0":"post-1707","1":"product","2":"type-product","3":"status-publish","4":"has-post-thumbnail","6":"product_brand-mikado","7":"product_cat-akcesoria","8":"product_cat-szybkozlaczki-akcesoria","9":"product_cat-grunt","11":"first","12":"outofstock","13":"shipping-taxable","14":"purchasable","15":"product-type-variable"},"_links":{"self":[{"href":"https:\/\/kotlinafishing.pl\/index.php?rest_route=\/wp\/v2\/product\/1707","targetHints":{"allow":["GET"]}}],"collection":[{"href":"https:\/\/kotlinafishing.pl\/index.php?rest_route=\/wp\/v2\/product"}],"about":[{"href":"https:\/\/kotlinafishing.pl\/index.php?rest_route=\/wp\/v2\/types\/product"}],"wp:featuredmedia":[{"embeddable":true,"href":"https:\/\/kotlinafishing.pl\/index.php?rest_route=\/wp\/v2\/media\/1746"}],"wp:attachment":[{"href":"https:\/\/kotlinafishing.pl\/index.php?rest_route=%2Fwp%2Fv2%2Fmedia&parent=1707"}],"wp:term":[{"taxonomy":"product_brand","embeddable":true,"href":"https:\/\/kotlinafishing.pl\/index.php?rest_route=%2Fwp%2Fv2%2Fproduct_brand&post=1707"},{"taxonomy":"product_cat","embeddable":true,"href":"https:\/\/kotlinafishing.pl\/index.php?rest_route=%2Fwp%2Fv2%2Fproduct_cat&post=1707"},{"taxonomy":"product_tag","embeddable":true,"href":"https:\/\/kotlinafishing.pl\/index.php?rest_route=%2Fwp%2Fv2%2Fproduct_tag&post=1707"}],"curies":[{"name":"wp","href":"https:\/\/api.w.org\/{rel}","templated":true}]}}