{"id":1700,"date":"2025-11-03T15:32:16","date_gmt":"2025-11-03T14:32:16","guid":{"rendered":"http:\/\/kotlinafishing.pl\/?post_type=product&#038;p=1700"},"modified":"2026-04-09T10:50:41","modified_gmt":"2026-04-09T08:50:41","slug":"podajnik-method-feeder-douglas-q-m-f-xl-60g-mikado","status":"publish","type":"product","link":"https:\/\/kotlinafishing.pl\/?product=podajnik-method-feeder-douglas-q-m-f-xl-60g-mikado","title":{"rendered":"Podajnik Method Feeder Douglas Q.M.F. XL Mikado"},"content":{"rendered":"<p>Ewolucja \u015bwietnych koszyk\u00f3w <strong>Method Feeder Douglas. Q.M.F.<\/strong> to system pozwalaj\u0105cy w szybki i \u0142atwy spos\u00f3b wymieni\u0107 podajnik bez konieczno\u015bci rozbrajania ca\u0142ego zestawu. Wystarczy zdj\u0105\u0107 gumow\u0105 tulejk\u0119, zsun\u0105\u0107 koszyk z trzpienia i zamieni\u0107 go innym modelem.<\/p>\n","protected":false},"excerpt":{"rendered":"<p>Ewolucja \u015bwietnych koszyk\u00f3w <strong>Method Feeder Douglas. Q.M.F.<\/strong> to system pozwalaj\u0105cy w szybki i \u0142atwy spos\u00f3b wymieni\u0107 podajnik bez konieczno\u015bci rozbrajania ca\u0142ego zestawu. Wystarczy zdj\u0105\u0107 gumow\u0105 tulejk\u0119, zsun\u0105\u0107 koszyk z trzpienia i zamieni\u0107 go innym modelem.<\/p>\n","protected":false},"featured_media":1743,"template":"","meta":[],"product_brand":[22],"product_cat":[34,55,19],"product_tag":[],"class_list":{"0":"post-1700","1":"product","2":"type-product","3":"status-publish","4":"has-post-thumbnail","6":"product_brand-mikado","7":"product_cat-koszyczki-podajniki-foremki","8":"product_cat-podajniki-do-methody","9":"product_cat-grunt","11":"first","12":"instock","13":"shipping-taxable","14":"purchasable","15":"product-type-variable"},"_links":{"self":[{"href":"https:\/\/kotlinafishing.pl\/index.php?rest_route=\/wp\/v2\/product\/1700","targetHints":{"allow":["GET"]}}],"collection":[{"href":"https:\/\/kotlinafishing.pl\/index.php?rest_route=\/wp\/v2\/product"}],"about":[{"href":"https:\/\/kotlinafishing.pl\/index.php?rest_route=\/wp\/v2\/types\/product"}],"wp:featuredmedia":[{"embeddable":true,"href":"https:\/\/kotlinafishing.pl\/index.php?rest_route=\/wp\/v2\/media\/1743"}],"wp:attachment":[{"href":"https:\/\/kotlinafishing.pl\/index.php?rest_route=%2Fwp%2Fv2%2Fmedia&parent=1700"}],"wp:term":[{"taxonomy":"product_brand","embeddable":true,"href":"https:\/\/kotlinafishing.pl\/index.php?rest_route=%2Fwp%2Fv2%2Fproduct_brand&post=1700"},{"taxonomy":"product_cat","embeddable":true,"href":"https:\/\/kotlinafishing.pl\/index.php?rest_route=%2Fwp%2Fv2%2Fproduct_cat&post=1700"},{"taxonomy":"product_tag","embeddable":true,"href":"https:\/\/kotlinafishing.pl\/index.php?rest_route=%2Fwp%2Fv2%2Fproduct_tag&post=1700"}],"curies":[{"name":"wp","href":"https:\/\/api.w.org\/{rel}","templated":true}]}}