{"id":1666,"date":"2025-11-02T17:45:15","date_gmt":"2025-11-02T16:45:15","guid":{"rendered":"http:\/\/kotlinafishing.pl\/?post_type=product&#038;p=1666"},"modified":"2025-11-03T15:28:58","modified_gmt":"2025-11-03T14:28:58","slug":"foremka-method-feeder-l-mikado","status":"publish","type":"product","link":"https:\/\/kotlinafishing.pl\/?product=foremka-method-feeder-l-mikado","title":{"rendered":"Foremka Method Feeder L Mikado"},"content":{"rendered":"<p>Foremka do nape\u0142niania podajnik\u00f3w method feeder. Wystarczy u\u0142o\u017cy\u0107 nasz\u0105 przyn\u0119t\u0119 wraz z hakiem na \u015brodku, przysypa\u0107 zan\u0119t\u0105 b\u0105d\u017a pelletem i docisn\u0105\u0107 koszykiem. Zan\u0119ta idealnie oblepia podajnik, a przyn\u0119ta pozostaje na wierzchu zan\u0119towej g\u00f3rki.<\/p>\n","protected":false},"excerpt":{"rendered":"<p>Foremka do nape\u0142niania podajnik\u00f3w method feeder. Wystarczy u\u0142o\u017cy\u0107 nasz\u0105 przyn\u0119t\u0119 wraz z hakiem na \u015brodku, przysypa\u0107 zan\u0119t\u0105 b\u0105d\u017a pelletem i docisn\u0105\u0107 koszykiem. Zan\u0119ta idealnie oblepia podajnik, a przyn\u0119ta pozostaje na wierzchu zan\u0119towej g\u00f3rki.<\/p>\n","protected":false},"featured_media":1667,"template":"","meta":[],"product_brand":[],"product_cat":[57,34,19],"product_tag":[],"class_list":{"0":"post-1666","1":"product","2":"type-product","3":"status-publish","4":"has-post-thumbnail","6":"product_cat-foremki","7":"product_cat-koszyczki-podajniki-foremki","8":"product_cat-grunt","10":"first","11":"instock","12":"shipping-taxable","13":"purchasable","14":"product-type-simple"},"_links":{"self":[{"href":"https:\/\/kotlinafishing.pl\/index.php?rest_route=\/wp\/v2\/product\/1666","targetHints":{"allow":["GET"]}}],"collection":[{"href":"https:\/\/kotlinafishing.pl\/index.php?rest_route=\/wp\/v2\/product"}],"about":[{"href":"https:\/\/kotlinafishing.pl\/index.php?rest_route=\/wp\/v2\/types\/product"}],"wp:featuredmedia":[{"embeddable":true,"href":"https:\/\/kotlinafishing.pl\/index.php?rest_route=\/wp\/v2\/media\/1667"}],"wp:attachment":[{"href":"https:\/\/kotlinafishing.pl\/index.php?rest_route=%2Fwp%2Fv2%2Fmedia&parent=1666"}],"wp:term":[{"taxonomy":"product_brand","embeddable":true,"href":"https:\/\/kotlinafishing.pl\/index.php?rest_route=%2Fwp%2Fv2%2Fproduct_brand&post=1666"},{"taxonomy":"product_cat","embeddable":true,"href":"https:\/\/kotlinafishing.pl\/index.php?rest_route=%2Fwp%2Fv2%2Fproduct_cat&post=1666"},{"taxonomy":"product_tag","embeddable":true,"href":"https:\/\/kotlinafishing.pl\/index.php?rest_route=%2Fwp%2Fv2%2Fproduct_tag&post=1666"}],"curies":[{"name":"wp","href":"https:\/\/api.w.org\/{rel}","templated":true}]}}