{"id":1648,"date":"2025-11-02T17:37:28","date_gmt":"2025-11-02T16:37:28","guid":{"rendered":"http:\/\/kotlinafishing.pl\/?post_type=product&#038;p=1648"},"modified":"2026-04-09T09:32:56","modified_gmt":"2026-04-09T07:32:56","slug":"podajnik-aperio-q-m-f-system-l-mikado","status":"publish","type":"product","link":"https:\/\/kotlinafishing.pl\/?product=podajnik-aperio-q-m-f-system-l-mikado","title":{"rendered":"Podajnik Aperio Q.M.F System L Mikado"},"content":{"rendered":"<p>Ewolucja \u015bwietnych koszyk\u00f3w <strong>Method Feeder Aperio. Q.M.F.<\/strong> to system pozwalaj\u0105cy w szybki i \u0142atwy spos\u00f3b wymieni\u0107 podajnik bez konieczno\u015bci rozbrajania ca\u0142ego zestawu. Wystaczy zdj\u0105\u0107 gumow\u0105 tulejk\u0119, zsun\u0105\u0107 koszyk z trzpienia i zamieni\u0107 go innym modelem.<\/p>\n","protected":false},"excerpt":{"rendered":"<p>Ewolucja \u015bwietnych koszyk\u00f3w <strong>Method Feeder Aperio. Q.M.F.<\/strong> to system pozwalaj\u0105cy w szybki i \u0142atwy spos\u00f3b wymieni\u0107 podajnik bez konieczno\u015bci rozbrajania ca\u0142ego zestawu. Wystaczy zdj\u0105\u0107 gumow\u0105 tulejk\u0119, zsun\u0105\u0107 koszyk z trzpienia i zamieni\u0107 go innym modelem.<\/p>\n","protected":false},"featured_media":1654,"template":"","meta":[],"product_brand":[22],"product_cat":[34,55,19],"product_tag":[],"class_list":{"0":"post-1648","1":"product","2":"type-product","3":"status-publish","4":"has-post-thumbnail","6":"product_brand-mikado","7":"product_cat-koszyczki-podajniki-foremki","8":"product_cat-podajniki-do-methody","9":"product_cat-grunt","11":"first","12":"outofstock","13":"shipping-taxable","14":"purchasable","15":"product-type-variable"},"_links":{"self":[{"href":"https:\/\/kotlinafishing.pl\/index.php?rest_route=\/wp\/v2\/product\/1648","targetHints":{"allow":["GET"]}}],"collection":[{"href":"https:\/\/kotlinafishing.pl\/index.php?rest_route=\/wp\/v2\/product"}],"about":[{"href":"https:\/\/kotlinafishing.pl\/index.php?rest_route=\/wp\/v2\/types\/product"}],"wp:featuredmedia":[{"embeddable":true,"href":"https:\/\/kotlinafishing.pl\/index.php?rest_route=\/wp\/v2\/media\/1654"}],"wp:attachment":[{"href":"https:\/\/kotlinafishing.pl\/index.php?rest_route=%2Fwp%2Fv2%2Fmedia&parent=1648"}],"wp:term":[{"taxonomy":"product_brand","embeddable":true,"href":"https:\/\/kotlinafishing.pl\/index.php?rest_route=%2Fwp%2Fv2%2Fproduct_brand&post=1648"},{"taxonomy":"product_cat","embeddable":true,"href":"https:\/\/kotlinafishing.pl\/index.php?rest_route=%2Fwp%2Fv2%2Fproduct_cat&post=1648"},{"taxonomy":"product_tag","embeddable":true,"href":"https:\/\/kotlinafishing.pl\/index.php?rest_route=%2Fwp%2Fv2%2Fproduct_tag&post=1648"}],"curies":[{"name":"wp","href":"https:\/\/api.w.org\/{rel}","templated":true}]}}