{"id":1571,"date":"2025-11-02T16:07:46","date_gmt":"2025-11-02T15:07:46","guid":{"rendered":"http:\/\/kotlinafishing.pl\/?post_type=product&#038;p=1571"},"modified":"2025-11-03T15:09:55","modified_gmt":"2025-11-03T14:09:55","slug":"splawik-dartagan-matchpro","status":"publish","type":"product","link":"https:\/\/kotlinafishing.pl\/?product=splawik-dartagan-matchpro","title":{"rendered":"Sp\u0142awik Dartagan MatchPro"},"content":{"rendered":"<p>Sp\u0142awik bardzo czu\u0142y wyposa\u017cony w kil w\u0119glowy oraz pogrubion\u0105 anten\u0119 co \u015bwietnie poprawia jego widoczno\u015b\u0107.<\/p>\n","protected":false},"excerpt":{"rendered":"<p>Sp\u0142awik bardzo czu\u0142y wyposa\u017cony w kil w\u0119glowy oraz pogrubion\u0105 anten\u0119 co \u015bwietnie poprawia jego widoczno\u015b\u0107.<\/p>\n","protected":false},"featured_media":1572,"template":"","meta":[],"product_brand":[24],"product_cat":[116,118,18],"product_tag":[],"class_list":{"0":"post-1571","1":"product","2":"type-product","3":"status-publish","4":"has-post-thumbnail","6":"product_brand-matchpro","7":"product_cat-splawiki","8":"product_cat-splawiki-do-bata-i-tyczki","9":"product_cat-splawik","11":"first","12":"instock","13":"shipping-taxable","14":"purchasable","15":"product-type-variable"},"_links":{"self":[{"href":"https:\/\/kotlinafishing.pl\/index.php?rest_route=\/wp\/v2\/product\/1571","targetHints":{"allow":["GET"]}}],"collection":[{"href":"https:\/\/kotlinafishing.pl\/index.php?rest_route=\/wp\/v2\/product"}],"about":[{"href":"https:\/\/kotlinafishing.pl\/index.php?rest_route=\/wp\/v2\/types\/product"}],"wp:featuredmedia":[{"embeddable":true,"href":"https:\/\/kotlinafishing.pl\/index.php?rest_route=\/wp\/v2\/media\/1572"}],"wp:attachment":[{"href":"https:\/\/kotlinafishing.pl\/index.php?rest_route=%2Fwp%2Fv2%2Fmedia&parent=1571"}],"wp:term":[{"taxonomy":"product_brand","embeddable":true,"href":"https:\/\/kotlinafishing.pl\/index.php?rest_route=%2Fwp%2Fv2%2Fproduct_brand&post=1571"},{"taxonomy":"product_cat","embeddable":true,"href":"https:\/\/kotlinafishing.pl\/index.php?rest_route=%2Fwp%2Fv2%2Fproduct_cat&post=1571"},{"taxonomy":"product_tag","embeddable":true,"href":"https:\/\/kotlinafishing.pl\/index.php?rest_route=%2Fwp%2Fv2%2Fproduct_tag&post=1571"}],"curies":[{"name":"wp","href":"https:\/\/api.w.org\/{rel}","templated":true}]}}