{"id":1564,"date":"2025-11-02T15:59:42","date_gmt":"2025-11-02T14:59:42","guid":{"rendered":"http:\/\/kotlinafishing.pl\/?post_type=product&#038;p=1564"},"modified":"2025-11-03T15:17:35","modified_gmt":"2025-11-03T14:17:35","slug":"splawik-team-black-dik-matchpro","status":"publish","type":"product","link":"https:\/\/kotlinafishing.pl\/?product=splawik-team-black-dik-matchpro","title":{"rendered":"Sp\u0142awik Team Black DIK MatchPro"},"content":{"rendered":"<p>Bardzo czu\u0142y sp\u0142awik zaprojektowany z my\u015bl\u0105 o po\u0142owach leszczy podczas fali. Niewiarygodnie stabilny w wodzie oraz bardzo czu\u0142y na ka\u017cde branie. Szczeg\u00f3lnie widoczne b\u0119d\u0105 brania podnoszone (charakterystyczne dla leszczy \u0142owionych z dnia). Dwukolorowa cienka szklana antenka pokazuje najdelikatniejsze branie ! Szeroki wachlarz gramatur pozwala dopasowa\u0107 si\u0119 do ka\u017cdych warunk\u00f3w na \u0142owisku !<\/p>\n<p>Sp\u0142awik posiada przej\u015bcie przez korpus co znacznie poprawia jego \u017cywotno\u015b\u0107.<\/p>\n","protected":false},"excerpt":{"rendered":"<p>Bardzo czu\u0142y sp\u0142awik zaprojektowany z my\u015bl\u0105 o po\u0142owach leszczy podczas fali. Niewiarygodnie stabilny w wodzie oraz bardzo czu\u0142y na ka\u017cde branie. Szczeg\u00f3lnie widoczne b\u0119d\u0105 brania podnoszone (charakterystyczne dla leszczy \u0142owionych z dnia). Dwukolorowa cienka szklana antenka pokazuje najdelikatniejsze branie ! Szeroki wachlarz gramatur pozwala dopasowa\u0107 si\u0119 do ka\u017cdych warunk\u00f3w na \u0142owisku !<\/p>\n<p>Sp\u0142awik posiada przej\u015bcie przez korpus co znacznie poprawia jego \u017cywotno\u015b\u0107.<\/p>\n","protected":false},"featured_media":1565,"template":"","meta":[],"product_brand":[24],"product_cat":[116,118,18],"product_tag":[],"class_list":{"0":"post-1564","1":"product","2":"type-product","3":"status-publish","4":"has-post-thumbnail","6":"product_brand-matchpro","7":"product_cat-splawiki","8":"product_cat-splawiki-do-bata-i-tyczki","9":"product_cat-splawik","11":"first","12":"instock","13":"shipping-taxable","14":"purchasable","15":"product-type-variable"},"_links":{"self":[{"href":"https:\/\/kotlinafishing.pl\/index.php?rest_route=\/wp\/v2\/product\/1564","targetHints":{"allow":["GET"]}}],"collection":[{"href":"https:\/\/kotlinafishing.pl\/index.php?rest_route=\/wp\/v2\/product"}],"about":[{"href":"https:\/\/kotlinafishing.pl\/index.php?rest_route=\/wp\/v2\/types\/product"}],"wp:featuredmedia":[{"embeddable":true,"href":"https:\/\/kotlinafishing.pl\/index.php?rest_route=\/wp\/v2\/media\/1565"}],"wp:attachment":[{"href":"https:\/\/kotlinafishing.pl\/index.php?rest_route=%2Fwp%2Fv2%2Fmedia&parent=1564"}],"wp:term":[{"taxonomy":"product_brand","embeddable":true,"href":"https:\/\/kotlinafishing.pl\/index.php?rest_route=%2Fwp%2Fv2%2Fproduct_brand&post=1564"},{"taxonomy":"product_cat","embeddable":true,"href":"https:\/\/kotlinafishing.pl\/index.php?rest_route=%2Fwp%2Fv2%2Fproduct_cat&post=1564"},{"taxonomy":"product_tag","embeddable":true,"href":"https:\/\/kotlinafishing.pl\/index.php?rest_route=%2Fwp%2Fv2%2Fproduct_tag&post=1564"}],"curies":[{"name":"wp","href":"https:\/\/api.w.org\/{rel}","templated":true}]}}